{"id":310,"date":"2021-08-10T19:01:26","date_gmt":"2021-08-10T19:01:26","guid":{"rendered":"https:\/\/csdcab.tondesign.ca\/val-des-bois\/?page_id=310"},"modified":"2021-10-21T12:07:49","modified_gmt":"2021-10-21T16:07:49","slug":"transport-scolaire","status":"publish","type":"page","link":"https:\/\/eej.csdcab.ca\/en\/parents\/transport-scolaire\/","title":{"rendered":"School transportation"},"content":{"rendered":"\t\t<div data-elementor-type=\"wp-page\" data-elementor-id=\"310\" class=\"elementor elementor-310\" data-elementor-post-type=\"page\">\n\t\t\t\t\t\t<section class=\"elementor-section elementor-top-section elementor-element elementor-element-444d051b elementor-section-boxed elementor-section-height-default elementor-section-height-default\" data-id=\"444d051b\" data-element_type=\"section\" data-e-type=\"section\" data-settings=\"{&quot;jet_parallax_layout_list&quot;:[{&quot;jet_parallax_layout_image&quot;:{&quot;url&quot;:&quot;&quot;,&quot;id&quot;:&quot;&quot;,&quot;size&quot;:&quot;&quot;},&quot;_id&quot;:&quot;0f122b3&quot;,&quot;jet_parallax_layout_image_tablet&quot;:{&quot;url&quot;:&quot;&quot;,&quot;id&quot;:&quot;&quot;,&quot;size&quot;:&quot;&quot;},&quot;jet_parallax_layout_image_mobile&quot;:{&quot;url&quot;:&quot;&quot;,&quot;id&quot;:&quot;&quot;,&quot;size&quot;:&quot;&quot;},&quot;jet_parallax_layout_speed&quot;:{&quot;unit&quot;:&quot;%&quot;,&quot;size&quot;:50,&quot;sizes&quot;:[]},&quot;jet_parallax_layout_type&quot;:&quot;scroll&quot;,&quot;jet_parallax_layout_direction&quot;:&quot;1&quot;,&quot;jet_parallax_layout_fx_direction&quot;:null,&quot;jet_parallax_layout_z_index&quot;:&quot;&quot;,&quot;jet_parallax_layout_bg_x&quot;:50,&quot;jet_parallax_layout_bg_x_tablet&quot;:&quot;&quot;,&quot;jet_parallax_layout_bg_x_mobile&quot;:&quot;&quot;,&quot;jet_parallax_layout_bg_y&quot;:50,&quot;jet_parallax_layout_bg_y_tablet&quot;:&quot;&quot;,&quot;jet_parallax_layout_bg_y_mobile&quot;:&quot;&quot;,&quot;jet_parallax_layout_bg_size&quot;:&quot;auto&quot;,&quot;jet_parallax_layout_bg_size_tablet&quot;:&quot;&quot;,&quot;jet_parallax_layout_bg_size_mobile&quot;:&quot;&quot;,&quot;jet_parallax_layout_animation_prop&quot;:&quot;transform&quot;,&quot;jet_parallax_layout_on&quot;:[&quot;desktop&quot;,&quot;tablet&quot;]}]}\">\n\t\t\t\t\t\t<div class=\"elementor-container elementor-column-gap-no\">\n\t\t\t\t\t<div class=\"elementor-column elementor-col-50 elementor-top-column elementor-element elementor-element-2d44b331\" data-id=\"2d44b331\" data-element_type=\"column\" data-e-type=\"column\">\n\t\t\t<div class=\"elementor-widget-wrap elementor-element-populated\">\n\t\t\t\t\t\t<div class=\"elementor-element elementor-element-52e283d4 elementor-widget elementor-widget-text-editor\" data-id=\"52e283d4\" data-element_type=\"widget\" data-e-type=\"widget\" data-widget_type=\"text-editor.default\">\n\t\t\t\t<div class=\"elementor-widget-container\">\n\t\t\t\t\t\t\t\t\t<p>Au CSDC des Aurores bor\u00e9ales, le transport scolaire est offert gratuitement\u00a0\u00e0 tous les \u00e9l\u00e8ves admissibles. Nous visons \u00e0 assurer un transport s\u00e9curitaire, efficace et de qualit\u00e9 \u00e0 un co\u00fbt abordable pour le Conseil. Afin de r\u00e9pondre aux attentes du minist\u00e8re de l&rsquo;\u00c9ducation en mati\u00e8re de transport, nous sommes un partenaire \u00e0 parts \u00e9gales du consortium suivant:<\/p>\t\t\t\t\t\t\t\t<\/div>\n\t\t\t\t<\/div>\n\t\t\t\t<div class=\"elementor-element elementor-element-733f6c2 elementor-widget elementor-widget-text-editor\" data-id=\"733f6c2\" data-element_type=\"widget\" data-e-type=\"widget\" data-widget_type=\"text-editor.default\">\n\t\t\t\t<div class=\"elementor-widget-container\">\n\t\t\t\t\t\t\t\t\t<ul><li><a href=\"https:\/\/nwobus.ca\/\" target=\"_blank\" rel=\"noopener\">Northwestern Student Services Consortium <span class=\"sr-only\">Lien externe<\/span><i class=\"fas fa-external-link-alt\"><\/i><\/a> pour les r\u00e9gions d&rsquo;Ignace, de Dryden et de Red Lake.<ul><li><a href=\"https:\/\/www.nwobus.ca\/register-for-bus-alerts\/\" target=\"_blank\" rel=\"noopener\">S&rsquo;inscrire pour recevoir les alertes <span class=\"sr-only\">Lien externe<\/span><i class=\"fas fa-external-link-alt\"><\/i><\/a><\/li><\/ul><\/li><\/ul>\t\t\t\t\t\t\t\t<\/div>\n\t\t\t\t<\/div>\n\t\t\t\t\t<\/div>\n\t\t<\/div>\n\t\t\t\t<div class=\"elementor-column elementor-col-50 elementor-top-column elementor-element elementor-element-5d28af02\" data-id=\"5d28af02\" data-element_type=\"column\" data-e-type=\"column\" data-settings=\"{&quot;background_background&quot;:&quot;classic&quot;}\">\n\t\t\t<div class=\"elementor-widget-wrap elementor-element-populated\">\n\t\t\t\t\t\t<div class=\"elementor-element elementor-element-7f3c5b4c elementor-widget elementor-widget-spacer\" data-id=\"7f3c5b4c\" data-element_type=\"widget\" data-e-type=\"widget\" data-widget_type=\"spacer.default\">\n\t\t\t\t<div class=\"elementor-widget-container\">\n\t\t\t\t\t\t\t<div class=\"elementor-spacer\">\n\t\t\t<div class=\"elementor-spacer-inner\"><\/div>\n\t\t<\/div>\n\t\t\t\t\t\t<\/div>\n\t\t\t\t<\/div>\n\t\t\t\t\t<\/div>\n\t\t<\/div>\n\t\t\t\t\t<\/div>\n\t\t<\/section>\n\t\t\t\t<section class=\"elementor-section elementor-top-section elementor-element elementor-element-05c5247 elementor-section-boxed elementor-section-height-default elementor-section-height-default\" data-id=\"05c5247\" data-element_type=\"section\" data-e-type=\"section\" data-settings=\"{&quot;jet_parallax_layout_list&quot;:[{&quot;jet_parallax_layout_image&quot;:{&quot;url&quot;:&quot;&quot;,&quot;id&quot;:&quot;&quot;,&quot;size&quot;:&quot;&quot;},&quot;_id&quot;:&quot;03f150d&quot;,&quot;jet_parallax_layout_image_tablet&quot;:{&quot;url&quot;:&quot;&quot;,&quot;id&quot;:&quot;&quot;,&quot;size&quot;:&quot;&quot;},&quot;jet_parallax_layout_image_mobile&quot;:{&quot;url&quot;:&quot;&quot;,&quot;id&quot;:&quot;&quot;,&quot;size&quot;:&quot;&quot;},&quot;jet_parallax_layout_speed&quot;:{&quot;unit&quot;:&quot;%&quot;,&quot;size&quot;:50,&quot;sizes&quot;:[]},&quot;jet_parallax_layout_type&quot;:&quot;scroll&quot;,&quot;jet_parallax_layout_direction&quot;:&quot;1&quot;,&quot;jet_parallax_layout_fx_direction&quot;:null,&quot;jet_parallax_layout_z_index&quot;:&quot;&quot;,&quot;jet_parallax_layout_bg_x&quot;:50,&quot;jet_parallax_layout_bg_x_tablet&quot;:&quot;&quot;,&quot;jet_parallax_layout_bg_x_mobile&quot;:&quot;&quot;,&quot;jet_parallax_layout_bg_y&quot;:50,&quot;jet_parallax_layout_bg_y_tablet&quot;:&quot;&quot;,&quot;jet_parallax_layout_bg_y_mobile&quot;:&quot;&quot;,&quot;jet_parallax_layout_bg_size&quot;:&quot;auto&quot;,&quot;jet_parallax_layout_bg_size_tablet&quot;:&quot;&quot;,&quot;jet_parallax_layout_bg_size_mobile&quot;:&quot;&quot;,&quot;jet_parallax_layout_animation_prop&quot;:&quot;transform&quot;,&quot;jet_parallax_layout_on&quot;:[&quot;desktop&quot;,&quot;tablet&quot;]}],&quot;background_background&quot;:&quot;classic&quot;}\">\n\t\t\t\t\t\t<div class=\"elementor-container elementor-column-gap-no\">\n\t\t\t\t\t<div class=\"elementor-column elementor-col-100 elementor-top-column elementor-element elementor-element-4613006\" data-id=\"4613006\" data-element_type=\"column\" data-e-type=\"column\">\n\t\t\t<div class=\"elementor-widget-wrap elementor-element-populated\">\n\t\t\t\t\t\t<div class=\"elementor-element elementor-element-c939c31 elementor-widget elementor-widget-heading\" data-id=\"c939c31\" data-element_type=\"widget\" data-e-type=\"widget\" data-widget_type=\"heading.default\">\n\t\t\t\t<div class=\"elementor-widget-container\">\n\t\t\t\t\t<h2 class=\"elementor-heading-title elementor-size-default\">Intemp\u00e9ries<\/h2>\t\t\t\t<\/div>\n\t\t\t\t<\/div>\n\t\t\t\t<div class=\"elementor-element elementor-element-dbb222a elementor-widget elementor-widget-text-editor\" data-id=\"dbb222a\" data-element_type=\"widget\" data-e-type=\"widget\" data-widget_type=\"text-editor.default\">\n\t\t\t\t<div class=\"elementor-widget-container\">\n\t\t\t\t\t\t\t\t\t<p>Lorsque les conditions de la route sont jug\u00e9es dangereuses pour la s\u00e9curit\u00e9 des \u00e9l\u00e8ves, les compagnies d&rsquo;autobus peuvent annuler les services de transport scolaire.<\/p><p>Voici trois options qui vous permettront de savoir si le transport scolaire est disponible pour vos enfants :<\/p><ul><li>Consultez le site Web du Conseil. Un message sera affich\u00e9 \u00e0 la page d&rsquo;accueil et indiquera les d\u00e9tails, tels que les routes et les \u00e9coles affect\u00e9es.<\/li><li>Consultez le site web du consortium de transport de votre r\u00e9gion (voir ci-dessus)<\/li><li>\u00c9coutez Radio-Canada pour l&rsquo;annonce en fran\u00e7ais ou les stations de radio locales pour l&rsquo;annonce en anglais.<\/li><\/ul><p>Veuillez noter qu&rsquo;habituellement, m\u00eame si le transport scolaire est annul\u00e9, les \u00e9coles demeurent ouvertes pour accueillir les \u00e9l\u00e8ves qui peuvent se rendre \u00e0 l&rsquo;\u00e9cole.<\/p><p>Pour plus de renseignements au sujet du transport scolaire, veuillez consulter notre politique ou communiquer avec la direction de l&rsquo;\u00e9cole.<\/p>\t\t\t\t\t\t\t\t<\/div>\n\t\t\t\t<\/div>\n\t\t\t\t\t<\/div>\n\t\t<\/div>\n\t\t\t\t\t<\/div>\n\t\t<\/section>\n\t\t\t\t<section class=\"elementor-section elementor-top-section elementor-element elementor-element-a166dd3 elementor-section-boxed elementor-section-height-default elementor-section-height-default\" data-id=\"a166dd3\" data-element_type=\"section\" data-e-type=\"section\" data-settings=\"{&quot;jet_parallax_layout_list&quot;:[{&quot;jet_parallax_layout_image&quot;:{&quot;url&quot;:&quot;&quot;,&quot;id&quot;:&quot;&quot;,&quot;size&quot;:&quot;&quot;},&quot;_id&quot;:&quot;03f150d&quot;,&quot;jet_parallax_layout_image_tablet&quot;:{&quot;url&quot;:&quot;&quot;,&quot;id&quot;:&quot;&quot;,&quot;size&quot;:&quot;&quot;},&quot;jet_parallax_layout_image_mobile&quot;:{&quot;url&quot;:&quot;&quot;,&quot;id&quot;:&quot;&quot;,&quot;size&quot;:&quot;&quot;},&quot;jet_parallax_layout_speed&quot;:{&quot;unit&quot;:&quot;%&quot;,&quot;size&quot;:50,&quot;sizes&quot;:[]},&quot;jet_parallax_layout_type&quot;:&quot;scroll&quot;,&quot;jet_parallax_layout_direction&quot;:&quot;1&quot;,&quot;jet_parallax_layout_fx_direction&quot;:null,&quot;jet_parallax_layout_z_index&quot;:&quot;&quot;,&quot;jet_parallax_layout_bg_x&quot;:50,&quot;jet_parallax_layout_bg_x_tablet&quot;:&quot;&quot;,&quot;jet_parallax_layout_bg_x_mobile&quot;:&quot;&quot;,&quot;jet_parallax_layout_bg_y&quot;:50,&quot;jet_parallax_layout_bg_y_tablet&quot;:&quot;&quot;,&quot;jet_parallax_layout_bg_y_mobile&quot;:&quot;&quot;,&quot;jet_parallax_layout_bg_size&quot;:&quot;auto&quot;,&quot;jet_parallax_layout_bg_size_tablet&quot;:&quot;&quot;,&quot;jet_parallax_layout_bg_size_mobile&quot;:&quot;&quot;,&quot;jet_parallax_layout_animation_prop&quot;:&quot;transform&quot;,&quot;jet_parallax_layout_on&quot;:[&quot;desktop&quot;,&quot;tablet&quot;]}],&quot;background_background&quot;:&quot;classic&quot;}\">\n\t\t\t\t\t\t<div class=\"elementor-container elementor-column-gap-no\">\n\t\t\t\t\t<div class=\"elementor-column elementor-col-100 elementor-top-column elementor-element elementor-element-b60cd1e\" data-id=\"b60cd1e\" data-element_type=\"column\" data-e-type=\"column\">\n\t\t\t<div class=\"elementor-widget-wrap elementor-element-populated\">\n\t\t\t\t\t\t<div class=\"elementor-element elementor-element-cbb483b elementor-widget elementor-widget-heading\" data-id=\"cbb483b\" data-element_type=\"widget\" data-e-type=\"widget\" data-widget_type=\"heading.default\">\n\t\t\t\t<div class=\"elementor-widget-container\">\n\t\t\t\t\t<h2 class=\"elementor-heading-title elementor-size-default\">Ressources<\/h2>\t\t\t\t<\/div>\n\t\t\t\t<\/div>\n\t\t\t\t<div class=\"elementor-element elementor-element-8339c5f elementor-widget elementor-widget-text-editor\" data-id=\"8339c5f\" data-element_type=\"widget\" data-e-type=\"widget\" data-widget_type=\"text-editor.default\">\n\t\t\t\t<div class=\"elementor-widget-container\">\n\t\t\t\t\t\t\t\t\t<p>D\u00e9couvrez la\u00a0<a href=\"https:\/\/www.schoolbusridersafety.ca\/\" target=\"_blank\" rel=\"noopener\">formation en ligne \u00e0 la s\u00e9curit\u00e9 en autobus scolaire <span class=\"sr-only\">Lien externe<\/span><i class=\"fas fa-external-link-alt\"><\/i><\/a>\u00a0destin\u00e9e aux \u00e9l\u00e8ves du primaire en Ontario : des documents, vid\u00e9os, modules et des trousses d\u2019outils pour les \u00e9l\u00e8ves de la maternelle \u00e0 la 8e ann\u00e9e pour leur enseigner les r\u00e8gles de s\u00e9curit\u00e9 en autobus scolaire.<\/p>\t\t\t\t\t\t\t\t<\/div>\n\t\t\t\t<\/div>\n\t\t\t\t\t<\/div>\n\t\t<\/div>\n\t\t\t\t\t<\/div>\n\t\t<\/section>\n\t\t\t\t<\/div>\n\t\t","protected":false},"excerpt":{"rendered":"<p>Au CSDC des Aurores bor\u00e9ales, le transport scolaire est offert gratuitement\u00a0\u00e0 tous les \u00e9l\u00e8ves admissibles. Nous visons \u00e0 assurer un transport s\u00e9curitaire, efficace et de qualit\u00e9 \u00e0 un co\u00fbt abordable pour le Conseil. Afin de r\u00e9pondre aux attentes du minist\u00e8re de l&rsquo;\u00c9ducation en mati\u00e8re de transport, nous sommes un partenaire \u00e0 parts \u00e9gales du consortium [&hellip;]<\/p>\n","protected":false},"author":1,"featured_media":0,"parent":307,"menu_order":1,"comment_status":"closed","ping_status":"closed","template":"elementor_header_footer","meta":{"_mc_calendar":[],"footnotes":""},"class_list":["post-310","page","type-page","status-publish","hentry"],"yoast_head":"<!-- This site is optimized with the Yoast SEO plugin v27.4 - https:\/\/yoast.com\/product\/yoast-seo-wordpress\/ -->\n<title>Transport scolaire - \u00c9cole catholique de l\u2019Enfant-J\u00e9sus<\/title>\n<meta name=\"robots\" content=\"index, follow, max-snippet:-1, max-image-preview:large, max-video-preview:-1\" \/>\n<link rel=\"canonical\" href=\"https:\/\/eej.csdcab.ca\/en\/parents\/transport-scolaire\/\" \/>\n<meta property=\"og:locale\" content=\"en_US\" \/>\n<meta property=\"og:type\" content=\"article\" \/>\n<meta property=\"og:title\" content=\"Transport scolaire - \u00c9cole catholique de l\u2019Enfant-J\u00e9sus\" \/>\n<meta property=\"og:description\" content=\"Au CSDC des Aurores bor\u00e9ales, le transport scolaire est offert gratuitement\u00a0\u00e0 tous les \u00e9l\u00e8ves admissibles. Nous visons \u00e0 assurer un transport s\u00e9curitaire, efficace et de qualit\u00e9 \u00e0 un co\u00fbt abordable pour le Conseil. Afin de r\u00e9pondre aux attentes du minist\u00e8re de l&rsquo;\u00c9ducation en mati\u00e8re de transport, nous sommes un partenaire \u00e0 parts \u00e9gales du consortium [&hellip;]\" \/>\n<meta property=\"og:url\" content=\"https:\/\/eej.csdcab.ca\/en\/parents\/transport-scolaire\/\" \/>\n<meta property=\"og:site_name\" content=\"\u00c9cole catholique de l\u2019Enfant-J\u00e9sus\" \/>\n<meta property=\"article:modified_time\" content=\"2021-10-21T16:07:49+00:00\" \/>\n<meta name=\"twitter:card\" content=\"summary_large_image\" \/>\n<meta name=\"twitter:label1\" content=\"Est. reading time\" \/>\n\t<meta name=\"twitter:data1\" content=\"1 minute\" \/>\n<script type=\"application\/ld+json\" class=\"yoast-schema-graph\">{\"@context\":\"https:\\\/\\\/schema.org\",\"@graph\":[{\"@type\":\"WebPage\",\"@id\":\"https:\\\/\\\/eej.csdcab.ca\\\/parents\\\/transport-scolaire\\\/\",\"url\":\"https:\\\/\\\/eej.csdcab.ca\\\/parents\\\/transport-scolaire\\\/\",\"name\":\"Transport scolaire - \u00c9cole catholique de l\u2019Enfant-J\u00e9sus\",\"isPartOf\":{\"@id\":\"https:\\\/\\\/eej.csdcab.ca\\\/en\\\/#website\"},\"datePublished\":\"2021-08-10T19:01:26+00:00\",\"dateModified\":\"2021-10-21T16:07:49+00:00\",\"breadcrumb\":{\"@id\":\"https:\\\/\\\/eej.csdcab.ca\\\/parents\\\/transport-scolaire\\\/#breadcrumb\"},\"inLanguage\":\"en-CA\",\"potentialAction\":[{\"@type\":\"ReadAction\",\"target\":[\"https:\\\/\\\/eej.csdcab.ca\\\/parents\\\/transport-scolaire\\\/\"]}]},{\"@type\":\"BreadcrumbList\",\"@id\":\"https:\\\/\\\/eej.csdcab.ca\\\/parents\\\/transport-scolaire\\\/#breadcrumb\",\"itemListElement\":[{\"@type\":\"ListItem\",\"position\":1,\"name\":\"Accueil\",\"item\":\"https:\\\/\\\/eej.csdcab.ca\\\/\"},{\"@type\":\"ListItem\",\"position\":2,\"name\":\"Parents\",\"item\":\"https:\\\/\\\/eej.csdcab.ca\\\/en\\\/parents\\\/\"},{\"@type\":\"ListItem\",\"position\":3,\"name\":\"Transport scolaire\"}]},{\"@type\":\"WebSite\",\"@id\":\"https:\\\/\\\/eej.csdcab.ca\\\/en\\\/#website\",\"url\":\"https:\\\/\\\/eej.csdcab.ca\\\/en\\\/\",\"name\":\"\u00c9cole catholique de l\u2019Enfant-J\u00e9sus\",\"description\":\"\u00c9cole catholique de l\u2019Enfant-J\u00e9sus\",\"potentialAction\":[{\"@type\":\"SearchAction\",\"target\":{\"@type\":\"EntryPoint\",\"urlTemplate\":\"https:\\\/\\\/eej.csdcab.ca\\\/en\\\/?s={search_term_string}\"},\"query-input\":{\"@type\":\"PropertyValueSpecification\",\"valueRequired\":true,\"valueName\":\"search_term_string\"}}],\"inLanguage\":\"en-CA\"}]}<\/script>\n<!-- \/ Yoast SEO plugin. -->","yoast_head_json":{"title":"Transport scolaire - \u00c9cole catholique de l\u2019Enfant-J\u00e9sus","robots":{"index":"index","follow":"follow","max-snippet":"max-snippet:-1","max-image-preview":"max-image-preview:large","max-video-preview":"max-video-preview:-1"},"canonical":"https:\/\/eej.csdcab.ca\/en\/parents\/transport-scolaire\/","og_locale":"en_US","og_type":"article","og_title":"Transport scolaire - \u00c9cole catholique de l\u2019Enfant-J\u00e9sus","og_description":"Au CSDC des Aurores bor\u00e9ales, le transport scolaire est offert gratuitement\u00a0\u00e0 tous les \u00e9l\u00e8ves admissibles. Nous visons \u00e0 assurer un transport s\u00e9curitaire, efficace et de qualit\u00e9 \u00e0 un co\u00fbt abordable pour le Conseil. Afin de r\u00e9pondre aux attentes du minist\u00e8re de l&rsquo;\u00c9ducation en mati\u00e8re de transport, nous sommes un partenaire \u00e0 parts \u00e9gales du consortium [&hellip;]","og_url":"https:\/\/eej.csdcab.ca\/en\/parents\/transport-scolaire\/","og_site_name":"\u00c9cole catholique de l\u2019Enfant-J\u00e9sus","article_modified_time":"2021-10-21T16:07:49+00:00","twitter_card":"summary_large_image","twitter_misc":{"Est. reading time":"1 minute"},"schema":{"@context":"https:\/\/schema.org","@graph":[{"@type":"WebPage","@id":"https:\/\/eej.csdcab.ca\/parents\/transport-scolaire\/","url":"https:\/\/eej.csdcab.ca\/parents\/transport-scolaire\/","name":"Transport scolaire - \u00c9cole catholique de l\u2019Enfant-J\u00e9sus","isPartOf":{"@id":"https:\/\/eej.csdcab.ca\/en\/#website"},"datePublished":"2021-08-10T19:01:26+00:00","dateModified":"2021-10-21T16:07:49+00:00","breadcrumb":{"@id":"https:\/\/eej.csdcab.ca\/parents\/transport-scolaire\/#breadcrumb"},"inLanguage":"en-CA","potentialAction":[{"@type":"ReadAction","target":["https:\/\/eej.csdcab.ca\/parents\/transport-scolaire\/"]}]},{"@type":"BreadcrumbList","@id":"https:\/\/eej.csdcab.ca\/parents\/transport-scolaire\/#breadcrumb","itemListElement":[{"@type":"ListItem","position":1,"name":"Accueil","item":"https:\/\/eej.csdcab.ca\/"},{"@type":"ListItem","position":2,"name":"Parents","item":"https:\/\/eej.csdcab.ca\/en\/parents\/"},{"@type":"ListItem","position":3,"name":"Transport scolaire"}]},{"@type":"WebSite","@id":"https:\/\/eej.csdcab.ca\/en\/#website","url":"https:\/\/eej.csdcab.ca\/en\/","name":"Enfant-J\u00e9sus Catholic School","description":"Enfant-J\u00e9sus Catholic School","potentialAction":[{"@type":"SearchAction","target":{"@type":"EntryPoint","urlTemplate":"https:\/\/eej.csdcab.ca\/en\/?s={search_term_string}"},"query-input":{"@type":"PropertyValueSpecification","valueRequired":true,"valueName":"search_term_string"}}],"inLanguage":"en-CA"}]}},"_links":{"self":[{"href":"https:\/\/eej.csdcab.ca\/en\/wp-json\/wp\/v2\/pages\/310","targetHints":{"allow":["GET"]}}],"collection":[{"href":"https:\/\/eej.csdcab.ca\/en\/wp-json\/wp\/v2\/pages"}],"about":[{"href":"https:\/\/eej.csdcab.ca\/en\/wp-json\/wp\/v2\/types\/page"}],"author":[{"embeddable":true,"href":"https:\/\/eej.csdcab.ca\/en\/wp-json\/wp\/v2\/users\/1"}],"replies":[{"embeddable":true,"href":"https:\/\/eej.csdcab.ca\/en\/wp-json\/wp\/v2\/comments?post=310"}],"version-history":[{"count":0,"href":"https:\/\/eej.csdcab.ca\/en\/wp-json\/wp\/v2\/pages\/310\/revisions"}],"up":[{"embeddable":true,"href":"https:\/\/eej.csdcab.ca\/en\/wp-json\/wp\/v2\/pages\/307"}],"wp:attachment":[{"href":"https:\/\/eej.csdcab.ca\/en\/wp-json\/wp\/v2\/media?parent=310"}],"curies":[{"name":"wp","href":"https:\/\/api.w.org\/{rel}","templated":true}]}}