{"id":289,"date":"2021-08-10T18:28:34","date_gmt":"2021-08-10T18:28:34","guid":{"rendered":"https:\/\/csdcab.tondesign.ca\/val-des-bois\/?page_id=289"},"modified":"2025-11-20T16:58:00","modified_gmt":"2025-11-20T20:58:00","slug":"inscrire-mon-enfant","status":"publish","type":"page","link":"https:\/\/eej.csdcab.ca\/en\/inscription\/inscrire-mon-enfant\/","title":{"rendered":"Register my child"},"content":{"rendered":"\t\t<div data-elementor-type=\"wp-page\" data-elementor-id=\"289\" class=\"elementor elementor-289\" data-elementor-post-type=\"page\">\n\t\t\t\t\t\t<section class=\"elementor-section elementor-top-section elementor-element elementor-element-1faab36 elementor-section-boxed elementor-section-height-default elementor-section-height-default\" data-id=\"1faab36\" data-element_type=\"section\" data-e-type=\"section\" data-settings=\"{&quot;jet_parallax_layout_list&quot;:[{&quot;jet_parallax_layout_image&quot;:{&quot;url&quot;:&quot;&quot;,&quot;id&quot;:&quot;&quot;,&quot;size&quot;:&quot;&quot;},&quot;_id&quot;:&quot;0f122b3&quot;,&quot;jet_parallax_layout_image_tablet&quot;:{&quot;url&quot;:&quot;&quot;,&quot;id&quot;:&quot;&quot;,&quot;size&quot;:&quot;&quot;},&quot;jet_parallax_layout_image_mobile&quot;:{&quot;url&quot;:&quot;&quot;,&quot;id&quot;:&quot;&quot;,&quot;size&quot;:&quot;&quot;},&quot;jet_parallax_layout_speed&quot;:{&quot;unit&quot;:&quot;%&quot;,&quot;size&quot;:50,&quot;sizes&quot;:[]},&quot;jet_parallax_layout_type&quot;:&quot;scroll&quot;,&quot;jet_parallax_layout_direction&quot;:&quot;1&quot;,&quot;jet_parallax_layout_fx_direction&quot;:null,&quot;jet_parallax_layout_z_index&quot;:&quot;&quot;,&quot;jet_parallax_layout_bg_x&quot;:50,&quot;jet_parallax_layout_bg_x_tablet&quot;:&quot;&quot;,&quot;jet_parallax_layout_bg_x_mobile&quot;:&quot;&quot;,&quot;jet_parallax_layout_bg_y&quot;:50,&quot;jet_parallax_layout_bg_y_tablet&quot;:&quot;&quot;,&quot;jet_parallax_layout_bg_y_mobile&quot;:&quot;&quot;,&quot;jet_parallax_layout_bg_size&quot;:&quot;auto&quot;,&quot;jet_parallax_layout_bg_size_tablet&quot;:&quot;&quot;,&quot;jet_parallax_layout_bg_size_mobile&quot;:&quot;&quot;,&quot;jet_parallax_layout_animation_prop&quot;:&quot;transform&quot;,&quot;jet_parallax_layout_on&quot;:[&quot;desktop&quot;,&quot;tablet&quot;]}]}\">\n\t\t\t\t\t\t<div class=\"elementor-container elementor-column-gap-no\">\n\t\t\t\t\t<div class=\"elementor-column elementor-col-50 elementor-top-column elementor-element elementor-element-a9f8349\" data-id=\"a9f8349\" data-element_type=\"column\" data-e-type=\"column\">\n\t\t\t<div class=\"elementor-widget-wrap elementor-element-populated\">\n\t\t\t\t\t\t<div class=\"elementor-element elementor-element-db9700d elementor-widget elementor-widget-text-editor\" data-id=\"db9700d\" data-element_type=\"widget\" data-e-type=\"widget\" data-widget_type=\"text-editor.default\">\n\t\t\t\t<div class=\"elementor-widget-container\">\n\t\t\t\t\t\t\t\t\t<p><strong style=\"font-size: 1.2em;\">Notre \u00e9cole est pr\u00eate \u00e0 vous accueillir pour l&rsquo;inscription de votre enfant pour la rentr\u00e9e scolaire de septembre 2026.<\/strong><\/p><p>Choisir une \u00e9cole pour votre enfant est une d\u00e9cision importante \u00e0 ne pas prendre \u00e0 la l\u00e9g\u00e8re. Nos \u00e9coles offrent un environnement chaleureux et stimulant au sein duquel nos \u00e9l\u00e8ves s\u2019\u00e9panouissent dans une ambiance familiale. Nous apportons \u00e0 votre enfant une exp\u00e9rience scolaire personnalis\u00e9e parce que nous croyons fermement que chaque enfant peut r\u00e9ussir et qu\u2019il est de notre devoir de leur procurer les outils et l\u2019environnement n\u00e9cessaires \u00e0 un apprentissage optimal selon leurs besoins uniques. En plus d\u2019une \u00e9ducation de qualit\u00e9 en fran\u00e7ais, l\u2019anglais est \u00e9galement enseign\u00e9 \u00e0 partir de la 4<sup>e<\/sup>\u00a0ann\u00e9e. \u00c0 partir de la 9<sup>e<\/sup>\u00a0ann\u00e9e, nos \u00e9l\u00e8ves prennent les m\u00eames cours\u00a0<em>d\u2019English<\/em>\u00a0que les \u00e9l\u00e8ves dans les \u00e9coles secondaires de langue anglaise. Ainsi, nos \u00e9l\u00e8ves peuvent s\u2019exprimer couramment dans les deux langues officielles du Canada et sont bilingues pour la vie. Des opportunit\u00e9s professionnelles prometteuses s\u2019offriront alors \u00e0 eux aussi bien au Canada qu\u2019\u00e0 l\u2019\u00e9tranger.<\/p>\t\t\t\t\t\t\t\t<\/div>\n\t\t\t\t<\/div>\n\t\t\t\t\t<\/div>\n\t\t<\/div>\n\t\t\t\t<div class=\"elementor-column elementor-col-50 elementor-top-column elementor-element elementor-element-6f52a03\" data-id=\"6f52a03\" data-element_type=\"column\" data-e-type=\"column\" data-settings=\"{&quot;background_background&quot;:&quot;classic&quot;}\">\n\t\t\t<div class=\"elementor-widget-wrap elementor-element-populated\">\n\t\t\t\t\t\t<div class=\"elementor-element elementor-element-4b3579f elementor-widget elementor-widget-spacer\" data-id=\"4b3579f\" data-element_type=\"widget\" data-e-type=\"widget\" data-widget_type=\"spacer.default\">\n\t\t\t\t<div class=\"elementor-widget-container\">\n\t\t\t\t\t\t\t<div class=\"elementor-spacer\">\n\t\t\t<div class=\"elementor-spacer-inner\"><\/div>\n\t\t<\/div>\n\t\t\t\t\t\t<\/div>\n\t\t\t\t<\/div>\n\t\t\t\t\t<\/div>\n\t\t<\/div>\n\t\t\t\t\t<\/div>\n\t\t<\/section>\n\t\t\t\t<section class=\"elementor-section elementor-top-section elementor-element elementor-element-aa5a826 elementor-section-full_width elementor-reverse-mobile elementor-section-height-default elementor-section-height-default\" data-id=\"aa5a826\" data-element_type=\"section\" data-e-type=\"section\" data-settings=\"{&quot;jet_parallax_layout_list&quot;:[{&quot;jet_parallax_layout_image&quot;:{&quot;url&quot;:&quot;&quot;,&quot;id&quot;:&quot;&quot;,&quot;size&quot;:&quot;&quot;},&quot;_id&quot;:&quot;bafdc0a&quot;,&quot;jet_parallax_layout_image_tablet&quot;:{&quot;url&quot;:&quot;&quot;,&quot;id&quot;:&quot;&quot;,&quot;size&quot;:&quot;&quot;},&quot;jet_parallax_layout_image_mobile&quot;:{&quot;url&quot;:&quot;&quot;,&quot;id&quot;:&quot;&quot;,&quot;size&quot;:&quot;&quot;},&quot;jet_parallax_layout_speed&quot;:{&quot;unit&quot;:&quot;%&quot;,&quot;size&quot;:50,&quot;sizes&quot;:[]},&quot;jet_parallax_layout_type&quot;:&quot;scroll&quot;,&quot;jet_parallax_layout_direction&quot;:&quot;1&quot;,&quot;jet_parallax_layout_fx_direction&quot;:null,&quot;jet_parallax_layout_z_index&quot;:&quot;&quot;,&quot;jet_parallax_layout_bg_x&quot;:50,&quot;jet_parallax_layout_bg_x_tablet&quot;:&quot;&quot;,&quot;jet_parallax_layout_bg_x_mobile&quot;:&quot;&quot;,&quot;jet_parallax_layout_bg_y&quot;:50,&quot;jet_parallax_layout_bg_y_tablet&quot;:&quot;&quot;,&quot;jet_parallax_layout_bg_y_mobile&quot;:&quot;&quot;,&quot;jet_parallax_layout_bg_size&quot;:&quot;auto&quot;,&quot;jet_parallax_layout_bg_size_tablet&quot;:&quot;&quot;,&quot;jet_parallax_layout_bg_size_mobile&quot;:&quot;&quot;,&quot;jet_parallax_layout_animation_prop&quot;:&quot;transform&quot;,&quot;jet_parallax_layout_on&quot;:[&quot;desktop&quot;,&quot;tablet&quot;]}],&quot;background_background&quot;:&quot;gradient&quot;}\">\n\t\t\t\t\t\t<div class=\"elementor-container elementor-column-gap-no\">\n\t\t\t\t\t<div class=\"elementor-column elementor-col-50 elementor-top-column elementor-element elementor-element-292614a\" data-id=\"292614a\" data-element_type=\"column\" data-e-type=\"column\">\n\t\t\t<div class=\"elementor-widget-wrap elementor-element-populated\">\n\t\t\t\t\t\t<div class=\"elementor-element elementor-element-8f02141 elementor-widget elementor-widget-image\" data-id=\"8f02141\" data-element_type=\"widget\" data-e-type=\"widget\" data-widget_type=\"image.default\">\n\t\t\t\t<div class=\"elementor-widget-container\">\n\t\t\t\t\t\t\t\t\t\t\t\t\t\t\t<img fetchpriority=\"high\" decoding=\"async\" width=\"1000\" height=\"1000\" src=\"https:\/\/eej.csdcab.ca\/wp-content\/uploads\/sites\/8\/2021\/08\/Planstrategique_1000x1000_02.jpg\" class=\"attachment-large size-large wp-image-548\" alt=\"\" srcset=\"https:\/\/eej.csdcab.ca\/wp-content\/uploads\/sites\/8\/2021\/08\/Planstrategique_1000x1000_02.jpg 1000w, https:\/\/eej.csdcab.ca\/wp-content\/uploads\/sites\/8\/2021\/08\/Planstrategique_1000x1000_02-300x300.jpg 300w, https:\/\/eej.csdcab.ca\/wp-content\/uploads\/sites\/8\/2021\/08\/Planstrategique_1000x1000_02-150x150.jpg 150w, https:\/\/eej.csdcab.ca\/wp-content\/uploads\/sites\/8\/2021\/08\/Planstrategique_1000x1000_02-768x768.jpg 768w, https:\/\/eej.csdcab.ca\/wp-content\/uploads\/sites\/8\/2021\/08\/Planstrategique_1000x1000_02-230x230.jpg 230w, https:\/\/eej.csdcab.ca\/wp-content\/uploads\/sites\/8\/2021\/08\/Planstrategique_1000x1000_02-400x400.jpg 400w, https:\/\/eej.csdcab.ca\/wp-content\/uploads\/sites\/8\/2021\/08\/Planstrategique_1000x1000_02-600x600.jpg 600w, https:\/\/eej.csdcab.ca\/wp-content\/uploads\/sites\/8\/2021\/08\/Planstrategique_1000x1000_02-640x640.jpg 640w\" sizes=\"(max-width: 1000px) 100vw, 1000px\" \/>\t\t\t\t\t\t\t\t\t\t\t\t\t\t\t<\/div>\n\t\t\t\t<\/div>\n\t\t\t\t\t<\/div>\n\t\t<\/div>\n\t\t\t\t<div class=\"elementor-column elementor-col-50 elementor-top-column elementor-element elementor-element-7c0369b\" data-id=\"7c0369b\" data-element_type=\"column\" data-e-type=\"column\">\n\t\t\t<div class=\"elementor-widget-wrap elementor-element-populated\">\n\t\t\t\t\t\t<div class=\"elementor-element elementor-element-b8e05c9 elementor-widget elementor-widget-heading\" data-id=\"b8e05c9\" data-element_type=\"widget\" data-e-type=\"widget\" data-widget_type=\"heading.default\">\n\t\t\t\t<div class=\"elementor-widget-container\">\n\t\t\t\t\t<h2 class=\"elementor-heading-title elementor-size-default\">Sessions d'inscription<\/h2>\t\t\t\t<\/div>\n\t\t\t\t<\/div>\n\t\t\t\t<div class=\"elementor-element elementor-element-d662bd1 elementor-widget elementor-widget-heading\" data-id=\"d662bd1\" data-element_type=\"widget\" data-e-type=\"widget\" data-widget_type=\"heading.default\">\n\t\t\t\t<div class=\"elementor-widget-container\">\n\t\t\t\t\t<h3 class=\"elementor-heading-title elementor-size-default\">Vous cherchez une \u00e9cole pour votre enfant ?<\/h3>\t\t\t\t<\/div>\n\t\t\t\t<\/div>\n\t\t\t\t<div class=\"elementor-element elementor-element-7963617 elementor-widget elementor-widget-text-editor\" data-id=\"7963617\" data-element_type=\"widget\" data-e-type=\"widget\" data-widget_type=\"text-editor.default\">\n\t\t\t\t<div class=\"elementor-widget-container\">\n\t\t\t\t\t\t\t\t\t<p>Faites le meilleur choix : <strong>offrez-lui une \u00e9ducation en langue fran\u00e7aise.<br \/><\/strong>Venez rencontrer la direction de l\u2019\u00e9cole et les enseignants pendant la session d\u2019inscription en janvier. Vous pouvez aussi nous contacter en tout temps.<\/p>\t\t\t\t\t\t\t\t<\/div>\n\t\t\t\t<\/div>\n\t\t\t\t<div class=\"elementor-element elementor-element-bac385f elementor-widget elementor-widget-button\" data-id=\"bac385f\" data-element_type=\"widget\" data-e-type=\"widget\" data-widget_type=\"button.default\">\n\t\t\t\t<div class=\"elementor-widget-container\">\n\t\t\t\t\t\t\t\t\t<div class=\"elementor-button-wrapper\">\n\t\t\t\t\t<a class=\"elementor-button elementor-button-link elementor-size-sm\" href=\"#\">\n\t\t\t\t\t\t<span class=\"elementor-button-content-wrapper\">\n\t\t\t\t\t\t\t\t\t<span class=\"elementor-button-text\">Session d\u2019information : 24 f\u00e9vrier 2026 \u00e0 18 h <\/span>\n\t\t\t\t\t<\/span>\n\t\t\t\t\t<\/a>\n\t\t\t\t<\/div>\n\t\t\t\t\t\t\t\t<\/div>\n\t\t\t\t<\/div>\n\t\t\t\t\t<\/div>\n\t\t<\/div>\n\t\t\t\t\t<\/div>\n\t\t<\/section>\n\t\t\t\t<section class=\"elementor-section elementor-top-section elementor-element elementor-element-2126d21 elementor-section-boxed elementor-section-height-default elementor-section-height-default\" data-id=\"2126d21\" data-element_type=\"section\" data-e-type=\"section\" data-settings=\"{&quot;jet_parallax_layout_list&quot;:[{&quot;jet_parallax_layout_image&quot;:{&quot;url&quot;:&quot;&quot;,&quot;id&quot;:&quot;&quot;,&quot;size&quot;:&quot;&quot;},&quot;_id&quot;:&quot;a1af69b&quot;,&quot;jet_parallax_layout_image_tablet&quot;:{&quot;url&quot;:&quot;&quot;,&quot;id&quot;:&quot;&quot;,&quot;size&quot;:&quot;&quot;},&quot;jet_parallax_layout_image_mobile&quot;:{&quot;url&quot;:&quot;&quot;,&quot;id&quot;:&quot;&quot;,&quot;size&quot;:&quot;&quot;},&quot;jet_parallax_layout_speed&quot;:{&quot;unit&quot;:&quot;%&quot;,&quot;size&quot;:50,&quot;sizes&quot;:[]},&quot;jet_parallax_layout_type&quot;:&quot;scroll&quot;,&quot;jet_parallax_layout_direction&quot;:&quot;1&quot;,&quot;jet_parallax_layout_fx_direction&quot;:null,&quot;jet_parallax_layout_z_index&quot;:&quot;&quot;,&quot;jet_parallax_layout_bg_x&quot;:50,&quot;jet_parallax_layout_bg_x_tablet&quot;:&quot;&quot;,&quot;jet_parallax_layout_bg_x_mobile&quot;:&quot;&quot;,&quot;jet_parallax_layout_bg_y&quot;:50,&quot;jet_parallax_layout_bg_y_tablet&quot;:&quot;&quot;,&quot;jet_parallax_layout_bg_y_mobile&quot;:&quot;&quot;,&quot;jet_parallax_layout_bg_size&quot;:&quot;auto&quot;,&quot;jet_parallax_layout_bg_size_tablet&quot;:&quot;&quot;,&quot;jet_parallax_layout_bg_size_mobile&quot;:&quot;&quot;,&quot;jet_parallax_layout_animation_prop&quot;:&quot;transform&quot;,&quot;jet_parallax_layout_on&quot;:[&quot;desktop&quot;,&quot;tablet&quot;]}],&quot;background_background&quot;:&quot;classic&quot;}\">\n\t\t\t\t\t\t<div class=\"elementor-container elementor-column-gap-default\">\n\t\t\t\t\t<div class=\"elementor-column elementor-col-100 elementor-top-column elementor-element elementor-element-be31254\" data-id=\"be31254\" data-element_type=\"column\" data-e-type=\"column\">\n\t\t\t<div class=\"elementor-widget-wrap elementor-element-populated\">\n\t\t\t\t\t\t<div class=\"elementor-element elementor-element-73eb11d elementor-widget elementor-widget-heading\" data-id=\"73eb11d\" data-element_type=\"widget\" data-e-type=\"widget\" data-widget_type=\"heading.default\">\n\t\t\t\t<div class=\"elementor-widget-container\">\n\t\t\t\t\t<h2 class=\"elementor-heading-title elementor-size-default\">Documents<\/h2>\t\t\t\t<\/div>\n\t\t\t\t<\/div>\n\t\t\t\t<div class=\"elementor-element elementor-element-1de24fa elementor-widget elementor-widget-text-editor\" data-id=\"1de24fa\" data-element_type=\"widget\" data-e-type=\"widget\" data-widget_type=\"text-editor.default\">\n\t\t\t\t<div class=\"elementor-widget-container\">\n\t\t\t\t\t\t\t\t\t<p>Les documents suivants sont requis lorsque vous d\u00e9sirez inscrire votre enfant :<\/p><ol><li>Attestation de l\u2019\u00e2ge de l\u2019enfant<\/li><li>Extrait de bapt\u00eame si disponible<\/li><li>Attestation du lieu de r\u00e9sidence de l\u2019enfant ou du parent<\/li><li><a href=\"https:\/\/csdcab.ca\/wp-content\/uploads\/2023\/12\/B018-F11-Formulaire-dinscription-230830-PDF-fillable.pdf\" target=\"_blank\" rel=\"noopener\">Formulaire d&rsquo;inscription<\/a><\/li><li data-uw-styling-context=\"true\">Formulaire d\u2019<a href=\"https:\/\/csdcab.ca\/conseil\/affectation-des-taxes-scolaires\/\" data-uw-styling-context=\"true\">affectation des taxes scolaires<\/a><\/li><\/ol>\t\t\t\t\t\t\t\t<\/div>\n\t\t\t\t<\/div>\n\t\t\t\t\t<\/div>\n\t\t<\/div>\n\t\t\t\t\t<\/div>\n\t\t<\/section>\n\t\t\t\t<\/div>\n\t\t","protected":false},"excerpt":{"rendered":"<p>Notre \u00e9cole est pr\u00eate \u00e0 vous accueillir pour l&rsquo;inscription de votre enfant pour la rentr\u00e9e scolaire de septembre 2026. Choisir une \u00e9cole pour votre enfant est une d\u00e9cision importante \u00e0 ne pas prendre \u00e0 la l\u00e9g\u00e8re. Nos \u00e9coles offrent un environnement chaleureux et stimulant au sein duquel nos \u00e9l\u00e8ves s\u2019\u00e9panouissent dans une ambiance familiale. Nous [&hellip;]<\/p>\n","protected":false},"author":1,"featured_media":0,"parent":283,"menu_order":1,"comment_status":"closed","ping_status":"closed","template":"elementor_header_footer","meta":{"_mc_calendar":[],"footnotes":""},"class_list":["post-289","page","type-page","status-publish","hentry"],"yoast_head":"<!-- This site is optimized with the Yoast SEO plugin v27.4 - https:\/\/yoast.com\/product\/yoast-seo-wordpress\/ -->\n<title>Inscrire mon enfant - \u00c9cole catholique de l\u2019Enfant-J\u00e9sus<\/title>\n<meta name=\"robots\" content=\"index, follow, max-snippet:-1, max-image-preview:large, max-video-preview:-1\" \/>\n<link rel=\"canonical\" href=\"https:\/\/eej.csdcab.ca\/en\/inscription\/inscrire-mon-enfant\/\" \/>\n<meta property=\"og:locale\" content=\"en_US\" \/>\n<meta property=\"og:type\" content=\"article\" \/>\n<meta property=\"og:title\" content=\"Inscrire mon enfant - \u00c9cole catholique de l\u2019Enfant-J\u00e9sus\" \/>\n<meta property=\"og:description\" content=\"Notre \u00e9cole est pr\u00eate \u00e0 vous accueillir pour l&rsquo;inscription de votre enfant pour la rentr\u00e9e scolaire de septembre 2026. Choisir une \u00e9cole pour votre enfant est une d\u00e9cision importante \u00e0 ne pas prendre \u00e0 la l\u00e9g\u00e8re. Nos \u00e9coles offrent un environnement chaleureux et stimulant au sein duquel nos \u00e9l\u00e8ves s\u2019\u00e9panouissent dans une ambiance familiale. Nous [&hellip;]\" \/>\n<meta property=\"og:url\" content=\"https:\/\/eej.csdcab.ca\/en\/inscription\/inscrire-mon-enfant\/\" \/>\n<meta property=\"og:site_name\" content=\"\u00c9cole catholique de l\u2019Enfant-J\u00e9sus\" \/>\n<meta property=\"article:modified_time\" content=\"2025-11-20T20:58:00+00:00\" \/>\n<meta property=\"og:image\" content=\"https:\/\/eej.csdcab.ca\/wp-content\/uploads\/sites\/8\/2021\/08\/Planstrategique_1000x1000_02.jpg\" \/>\n\t<meta property=\"og:image:width\" content=\"1000\" \/>\n\t<meta property=\"og:image:height\" content=\"1000\" \/>\n\t<meta property=\"og:image:type\" content=\"image\/jpeg\" \/>\n<meta name=\"twitter:card\" content=\"summary_large_image\" \/>\n<meta name=\"twitter:label1\" content=\"Est. reading time\" \/>\n\t<meta name=\"twitter:data1\" content=\"2 minutes\" \/>\n<script type=\"application\/ld+json\" class=\"yoast-schema-graph\">{\"@context\":\"https:\\\/\\\/schema.org\",\"@graph\":[{\"@type\":\"WebPage\",\"@id\":\"https:\\\/\\\/eej.csdcab.ca\\\/inscription\\\/inscrire-mon-enfant\\\/\",\"url\":\"https:\\\/\\\/eej.csdcab.ca\\\/inscription\\\/inscrire-mon-enfant\\\/\",\"name\":\"Inscrire mon enfant - \u00c9cole catholique de l\u2019Enfant-J\u00e9sus\",\"isPartOf\":{\"@id\":\"https:\\\/\\\/eej.csdcab.ca\\\/en\\\/#website\"},\"primaryImageOfPage\":{\"@id\":\"https:\\\/\\\/eej.csdcab.ca\\\/inscription\\\/inscrire-mon-enfant\\\/#primaryimage\"},\"image\":{\"@id\":\"https:\\\/\\\/eej.csdcab.ca\\\/inscription\\\/inscrire-mon-enfant\\\/#primaryimage\"},\"thumbnailUrl\":\"https:\\\/\\\/eej.csdcab.ca\\\/wp-content\\\/uploads\\\/sites\\\/8\\\/2021\\\/08\\\/Planstrategique_1000x1000_02.jpg\",\"datePublished\":\"2021-08-10T18:28:34+00:00\",\"dateModified\":\"2025-11-20T20:58:00+00:00\",\"breadcrumb\":{\"@id\":\"https:\\\/\\\/eej.csdcab.ca\\\/inscription\\\/inscrire-mon-enfant\\\/#breadcrumb\"},\"inLanguage\":\"en-CA\",\"potentialAction\":[{\"@type\":\"ReadAction\",\"target\":[\"https:\\\/\\\/eej.csdcab.ca\\\/inscription\\\/inscrire-mon-enfant\\\/\"]}]},{\"@type\":\"ImageObject\",\"inLanguage\":\"en-CA\",\"@id\":\"https:\\\/\\\/eej.csdcab.ca\\\/inscription\\\/inscrire-mon-enfant\\\/#primaryimage\",\"url\":\"https:\\\/\\\/eej.csdcab.ca\\\/wp-content\\\/uploads\\\/sites\\\/8\\\/2021\\\/08\\\/Planstrategique_1000x1000_02.jpg\",\"contentUrl\":\"https:\\\/\\\/eej.csdcab.ca\\\/wp-content\\\/uploads\\\/sites\\\/8\\\/2021\\\/08\\\/Planstrategique_1000x1000_02.jpg\"},{\"@type\":\"BreadcrumbList\",\"@id\":\"https:\\\/\\\/eej.csdcab.ca\\\/inscription\\\/inscrire-mon-enfant\\\/#breadcrumb\",\"itemListElement\":[{\"@type\":\"ListItem\",\"position\":1,\"name\":\"Accueil\",\"item\":\"https:\\\/\\\/eej.csdcab.ca\\\/\"},{\"@type\":\"ListItem\",\"position\":2,\"name\":\"Inscription\",\"item\":\"https:\\\/\\\/eej.csdcab.ca\\\/en\\\/inscription\\\/\"},{\"@type\":\"ListItem\",\"position\":3,\"name\":\"Inscrire mon enfant\"}]},{\"@type\":\"WebSite\",\"@id\":\"https:\\\/\\\/eej.csdcab.ca\\\/en\\\/#website\",\"url\":\"https:\\\/\\\/eej.csdcab.ca\\\/en\\\/\",\"name\":\"\u00c9cole catholique de l\u2019Enfant-J\u00e9sus\",\"description\":\"\u00c9cole catholique de l\u2019Enfant-J\u00e9sus\",\"potentialAction\":[{\"@type\":\"SearchAction\",\"target\":{\"@type\":\"EntryPoint\",\"urlTemplate\":\"https:\\\/\\\/eej.csdcab.ca\\\/en\\\/?s={search_term_string}\"},\"query-input\":{\"@type\":\"PropertyValueSpecification\",\"valueRequired\":true,\"valueName\":\"search_term_string\"}}],\"inLanguage\":\"en-CA\"}]}<\/script>\n<!-- \/ Yoast SEO plugin. -->","yoast_head_json":{"title":"Inscrire mon enfant - \u00c9cole catholique de l\u2019Enfant-J\u00e9sus","robots":{"index":"index","follow":"follow","max-snippet":"max-snippet:-1","max-image-preview":"max-image-preview:large","max-video-preview":"max-video-preview:-1"},"canonical":"https:\/\/eej.csdcab.ca\/en\/inscription\/inscrire-mon-enfant\/","og_locale":"en_US","og_type":"article","og_title":"Inscrire mon enfant - \u00c9cole catholique de l\u2019Enfant-J\u00e9sus","og_description":"Notre \u00e9cole est pr\u00eate \u00e0 vous accueillir pour l&rsquo;inscription de votre enfant pour la rentr\u00e9e scolaire de septembre 2026. Choisir une \u00e9cole pour votre enfant est une d\u00e9cision importante \u00e0 ne pas prendre \u00e0 la l\u00e9g\u00e8re. Nos \u00e9coles offrent un environnement chaleureux et stimulant au sein duquel nos \u00e9l\u00e8ves s\u2019\u00e9panouissent dans une ambiance familiale. Nous [&hellip;]","og_url":"https:\/\/eej.csdcab.ca\/en\/inscription\/inscrire-mon-enfant\/","og_site_name":"\u00c9cole catholique de l\u2019Enfant-J\u00e9sus","article_modified_time":"2025-11-20T20:58:00+00:00","og_image":[{"width":1000,"height":1000,"url":"https:\/\/eej.csdcab.ca\/wp-content\/uploads\/sites\/8\/2021\/08\/Planstrategique_1000x1000_02.jpg","type":"image\/jpeg"}],"twitter_card":"summary_large_image","twitter_misc":{"Est. reading time":"2 minutes"},"schema":{"@context":"https:\/\/schema.org","@graph":[{"@type":"WebPage","@id":"https:\/\/eej.csdcab.ca\/inscription\/inscrire-mon-enfant\/","url":"https:\/\/eej.csdcab.ca\/inscription\/inscrire-mon-enfant\/","name":"Inscrire mon enfant - \u00c9cole catholique de l\u2019Enfant-J\u00e9sus","isPartOf":{"@id":"https:\/\/eej.csdcab.ca\/en\/#website"},"primaryImageOfPage":{"@id":"https:\/\/eej.csdcab.ca\/inscription\/inscrire-mon-enfant\/#primaryimage"},"image":{"@id":"https:\/\/eej.csdcab.ca\/inscription\/inscrire-mon-enfant\/#primaryimage"},"thumbnailUrl":"https:\/\/eej.csdcab.ca\/wp-content\/uploads\/sites\/8\/2021\/08\/Planstrategique_1000x1000_02.jpg","datePublished":"2021-08-10T18:28:34+00:00","dateModified":"2025-11-20T20:58:00+00:00","breadcrumb":{"@id":"https:\/\/eej.csdcab.ca\/inscription\/inscrire-mon-enfant\/#breadcrumb"},"inLanguage":"en-CA","potentialAction":[{"@type":"ReadAction","target":["https:\/\/eej.csdcab.ca\/inscription\/inscrire-mon-enfant\/"]}]},{"@type":"ImageObject","inLanguage":"en-CA","@id":"https:\/\/eej.csdcab.ca\/inscription\/inscrire-mon-enfant\/#primaryimage","url":"https:\/\/eej.csdcab.ca\/wp-content\/uploads\/sites\/8\/2021\/08\/Planstrategique_1000x1000_02.jpg","contentUrl":"https:\/\/eej.csdcab.ca\/wp-content\/uploads\/sites\/8\/2021\/08\/Planstrategique_1000x1000_02.jpg"},{"@type":"BreadcrumbList","@id":"https:\/\/eej.csdcab.ca\/inscription\/inscrire-mon-enfant\/#breadcrumb","itemListElement":[{"@type":"ListItem","position":1,"name":"Accueil","item":"https:\/\/eej.csdcab.ca\/"},{"@type":"ListItem","position":2,"name":"Inscription","item":"https:\/\/eej.csdcab.ca\/en\/inscription\/"},{"@type":"ListItem","position":3,"name":"Inscrire mon enfant"}]},{"@type":"WebSite","@id":"https:\/\/eej.csdcab.ca\/en\/#website","url":"https:\/\/eej.csdcab.ca\/en\/","name":"Enfant-J\u00e9sus Catholic School","description":"Enfant-J\u00e9sus Catholic School","potentialAction":[{"@type":"SearchAction","target":{"@type":"EntryPoint","urlTemplate":"https:\/\/eej.csdcab.ca\/en\/?s={search_term_string}"},"query-input":{"@type":"PropertyValueSpecification","valueRequired":true,"valueName":"search_term_string"}}],"inLanguage":"en-CA"}]}},"_links":{"self":[{"href":"https:\/\/eej.csdcab.ca\/en\/wp-json\/wp\/v2\/pages\/289","targetHints":{"allow":["GET"]}}],"collection":[{"href":"https:\/\/eej.csdcab.ca\/en\/wp-json\/wp\/v2\/pages"}],"about":[{"href":"https:\/\/eej.csdcab.ca\/en\/wp-json\/wp\/v2\/types\/page"}],"author":[{"embeddable":true,"href":"https:\/\/eej.csdcab.ca\/en\/wp-json\/wp\/v2\/users\/1"}],"replies":[{"embeddable":true,"href":"https:\/\/eej.csdcab.ca\/en\/wp-json\/wp\/v2\/comments?post=289"}],"version-history":[{"count":0,"href":"https:\/\/eej.csdcab.ca\/en\/wp-json\/wp\/v2\/pages\/289\/revisions"}],"up":[{"embeddable":true,"href":"https:\/\/eej.csdcab.ca\/en\/wp-json\/wp\/v2\/pages\/283"}],"wp:attachment":[{"href":"https:\/\/eej.csdcab.ca\/en\/wp-json\/wp\/v2\/media?parent=289"}],"curies":[{"name":"wp","href":"https:\/\/api.w.org\/{rel}","templated":true}]}}