{"id":287,"date":"2021-08-10T18:28:09","date_gmt":"2021-08-10T18:28:09","guid":{"rendered":"https:\/\/csdcab.tondesign.ca\/val-des-bois\/?page_id=287"},"modified":"2021-10-21T11:59:38","modified_gmt":"2021-10-21T15:59:38","slug":"admissibilite","status":"publish","type":"page","link":"https:\/\/eej.csdcab.ca\/en\/inscription\/admissibilite\/","title":{"rendered":"Eligibility"},"content":{"rendered":"\t\t<div data-elementor-type=\"wp-page\" data-elementor-id=\"287\" class=\"elementor elementor-287\" data-elementor-post-type=\"page\">\n\t\t\t\t\t\t<section class=\"elementor-section elementor-top-section elementor-element elementor-element-fbdf27b elementor-section-boxed elementor-section-height-default elementor-section-height-default\" data-id=\"fbdf27b\" data-element_type=\"section\" data-e-type=\"section\" data-settings=\"{&quot;jet_parallax_layout_list&quot;:[{&quot;jet_parallax_layout_image&quot;:{&quot;url&quot;:&quot;&quot;,&quot;id&quot;:&quot;&quot;,&quot;size&quot;:&quot;&quot;},&quot;_id&quot;:&quot;0f122b3&quot;,&quot;jet_parallax_layout_image_tablet&quot;:{&quot;url&quot;:&quot;&quot;,&quot;id&quot;:&quot;&quot;,&quot;size&quot;:&quot;&quot;},&quot;jet_parallax_layout_image_mobile&quot;:{&quot;url&quot;:&quot;&quot;,&quot;id&quot;:&quot;&quot;,&quot;size&quot;:&quot;&quot;},&quot;jet_parallax_layout_speed&quot;:{&quot;unit&quot;:&quot;%&quot;,&quot;size&quot;:50,&quot;sizes&quot;:[]},&quot;jet_parallax_layout_type&quot;:&quot;scroll&quot;,&quot;jet_parallax_layout_direction&quot;:&quot;1&quot;,&quot;jet_parallax_layout_fx_direction&quot;:null,&quot;jet_parallax_layout_z_index&quot;:&quot;&quot;,&quot;jet_parallax_layout_bg_x&quot;:50,&quot;jet_parallax_layout_bg_x_tablet&quot;:&quot;&quot;,&quot;jet_parallax_layout_bg_x_mobile&quot;:&quot;&quot;,&quot;jet_parallax_layout_bg_y&quot;:50,&quot;jet_parallax_layout_bg_y_tablet&quot;:&quot;&quot;,&quot;jet_parallax_layout_bg_y_mobile&quot;:&quot;&quot;,&quot;jet_parallax_layout_bg_size&quot;:&quot;auto&quot;,&quot;jet_parallax_layout_bg_size_tablet&quot;:&quot;&quot;,&quot;jet_parallax_layout_bg_size_mobile&quot;:&quot;&quot;,&quot;jet_parallax_layout_animation_prop&quot;:&quot;transform&quot;,&quot;jet_parallax_layout_on&quot;:[&quot;desktop&quot;,&quot;tablet&quot;]}]}\">\n\t\t\t\t\t\t<div class=\"elementor-container elementor-column-gap-no\">\n\t\t\t\t\t<div class=\"elementor-column elementor-col-50 elementor-top-column elementor-element elementor-element-8ef3204\" data-id=\"8ef3204\" data-element_type=\"column\" data-e-type=\"column\">\n\t\t\t<div class=\"elementor-widget-wrap elementor-element-populated\">\n\t\t\t\t\t\t<div class=\"elementor-element elementor-element-58c3465 elementor-widget elementor-widget-text-editor\" data-id=\"58c3465\" data-element_type=\"widget\" data-e-type=\"widget\" data-widget_type=\"text-editor.default\">\n\t\t\t\t<div class=\"elementor-widget-container\">\n\t\t\t\t\t\t\t\t\tNous accueillons dans nos \u00e9coles les \u00e9l\u00e8ves qui sont admissibles \u00e0 recevoir leur \u00e9ducation en fran\u00e7ais en vertu de la Charte canadienne des droits et libert\u00e9s et de la Loi sur l&rsquo;\u00e9ducation de l&rsquo;Ontario. Pour \u00eatre admissible, l&rsquo;\u00e9l\u00e8ve doit r\u00e9pondre aux crit\u00e8res suivants :\n\nSelon l&rsquo;article 23 de la Charte canadienne des droits et libert\u00e9s, un \u00e9l\u00e8ve a le droit de fr\u00e9quenter une \u00e9cole de langue fran\u00e7aise si l&rsquo;un de ses parents est citoyen canadien :\n<ul>\n \t<li>dont la premi\u00e8re langue apprise et encore comprise est le fran\u00e7ais; ou<\/li>\n \t<li>qui a re\u00e7u son instruction au niveau primaire en fran\u00e7ais au Canada; ou<\/li>\n \t<li>dont un enfant a re\u00e7u ou re\u00e7oit son instruction au niveau primaire ou secondaire en fran\u00e7ais au Canada.<\/li>\n<\/ul>\nSelon la directive administrative\u00a0<a title=\"admissions.pdf\" href=\"\/wp-content\/uploads\/sites\/4\/2021\/08\/admissions.pdf\" target=\"_blank\" rel=\"noopener\">B-018-D-1 Admission, accueil et accompagnement dans une \u00e9cole de langue de fran\u00e7aise <span class=\"sr-only\">Lien externe<\/span><i class=\"fas fa-external-link-alt\"><\/i><\/a>, si un des grands parents de l&rsquo;\u00e9l\u00e8ve est un ayant droit ou si les parents sont issus de l&rsquo;immigration francophone ou allophone, un processus d&rsquo;admission acc\u00e9l\u00e9r\u00e9 est mis en place.\t\t\t\t\t\t\t\t<\/div>\n\t\t\t\t<\/div>\n\t\t\t\t<div class=\"elementor-element elementor-element-4abfbb3 elementor-widget elementor-widget-heading\" data-id=\"4abfbb3\" data-element_type=\"widget\" data-e-type=\"widget\" data-widget_type=\"heading.default\">\n\t\t\t\t<div class=\"elementor-widget-container\">\n\t\t\t\t\t<h2 class=\"elementor-heading-title elementor-size-default\">Comit\u00e9 d'admission<\/h2>\t\t\t\t<\/div>\n\t\t\t\t<\/div>\n\t\t\t\t<div class=\"elementor-element elementor-element-dbae1d9 elementor-widget elementor-widget-text-editor\" data-id=\"dbae1d9\" data-element_type=\"widget\" data-e-type=\"widget\" data-widget_type=\"text-editor.default\">\n\t\t\t\t<div class=\"elementor-widget-container\">\n\t\t\t\t\t\t\t\t\t<p>Si ni l\u2019un ni l\u2019autre des parents ne rencontre un des crit\u00e8res \u00e9num\u00e9r\u00e9s ci-dessus, ils peuvent tout de m\u00eame soumettre une demande d\u2019admission.<\/p>\t\t\t\t\t\t\t\t<\/div>\n\t\t\t\t<\/div>\n\t\t\t\t\t<\/div>\n\t\t<\/div>\n\t\t\t\t<div class=\"elementor-column elementor-col-50 elementor-top-column elementor-element elementor-element-2d9d377\" data-id=\"2d9d377\" data-element_type=\"column\" data-e-type=\"column\" data-settings=\"{&quot;background_background&quot;:&quot;classic&quot;}\">\n\t\t\t<div class=\"elementor-widget-wrap elementor-element-populated\">\n\t\t\t\t\t\t<div class=\"elementor-element elementor-element-2be639b elementor-widget elementor-widget-spacer\" data-id=\"2be639b\" data-element_type=\"widget\" data-e-type=\"widget\" data-widget_type=\"spacer.default\">\n\t\t\t\t<div class=\"elementor-widget-container\">\n\t\t\t\t\t\t\t<div class=\"elementor-spacer\">\n\t\t\t<div class=\"elementor-spacer-inner\"><\/div>\n\t\t<\/div>\n\t\t\t\t\t\t<\/div>\n\t\t\t\t<\/div>\n\t\t\t\t\t<\/div>\n\t\t<\/div>\n\t\t\t\t\t<\/div>\n\t\t<\/section>\n\t\t\t\t<section class=\"elementor-section elementor-top-section elementor-element elementor-element-5a2b2e7 elementor-section-boxed elementor-section-height-default elementor-section-height-default\" data-id=\"5a2b2e7\" data-element_type=\"section\" data-e-type=\"section\" data-settings=\"{&quot;jet_parallax_layout_list&quot;:[{&quot;jet_parallax_layout_image&quot;:{&quot;url&quot;:&quot;&quot;,&quot;id&quot;:&quot;&quot;,&quot;size&quot;:&quot;&quot;},&quot;_id&quot;:&quot;03f150d&quot;,&quot;jet_parallax_layout_image_tablet&quot;:{&quot;url&quot;:&quot;&quot;,&quot;id&quot;:&quot;&quot;,&quot;size&quot;:&quot;&quot;},&quot;jet_parallax_layout_image_mobile&quot;:{&quot;url&quot;:&quot;&quot;,&quot;id&quot;:&quot;&quot;,&quot;size&quot;:&quot;&quot;},&quot;jet_parallax_layout_speed&quot;:{&quot;unit&quot;:&quot;%&quot;,&quot;size&quot;:50,&quot;sizes&quot;:[]},&quot;jet_parallax_layout_type&quot;:&quot;scroll&quot;,&quot;jet_parallax_layout_direction&quot;:&quot;1&quot;,&quot;jet_parallax_layout_fx_direction&quot;:null,&quot;jet_parallax_layout_z_index&quot;:&quot;&quot;,&quot;jet_parallax_layout_bg_x&quot;:50,&quot;jet_parallax_layout_bg_x_tablet&quot;:&quot;&quot;,&quot;jet_parallax_layout_bg_x_mobile&quot;:&quot;&quot;,&quot;jet_parallax_layout_bg_y&quot;:50,&quot;jet_parallax_layout_bg_y_tablet&quot;:&quot;&quot;,&quot;jet_parallax_layout_bg_y_mobile&quot;:&quot;&quot;,&quot;jet_parallax_layout_bg_size&quot;:&quot;auto&quot;,&quot;jet_parallax_layout_bg_size_tablet&quot;:&quot;&quot;,&quot;jet_parallax_layout_bg_size_mobile&quot;:&quot;&quot;,&quot;jet_parallax_layout_animation_prop&quot;:&quot;transform&quot;,&quot;jet_parallax_layout_on&quot;:[&quot;desktop&quot;,&quot;tablet&quot;]}],&quot;background_background&quot;:&quot;classic&quot;}\">\n\t\t\t\t\t\t<div class=\"elementor-container elementor-column-gap-no\">\n\t\t\t\t\t<div class=\"elementor-column elementor-col-100 elementor-top-column elementor-element elementor-element-0395a62\" data-id=\"0395a62\" data-element_type=\"column\" data-e-type=\"column\">\n\t\t\t<div class=\"elementor-widget-wrap elementor-element-populated\">\n\t\t\t\t\t\t<div class=\"elementor-element elementor-element-2ade14e elementor-widget elementor-widget-heading\" data-id=\"2ade14e\" data-element_type=\"widget\" data-e-type=\"widget\" data-widget_type=\"heading.default\">\n\t\t\t\t<div class=\"elementor-widget-container\">\n\t\t\t\t\t<h2 class=\"elementor-heading-title elementor-size-default\">\u00c2ge<\/h2>\t\t\t\t<\/div>\n\t\t\t\t<\/div>\n\t\t\t\t<div class=\"elementor-element elementor-element-da1d09e elementor-widget elementor-widget-text-editor\" data-id=\"da1d09e\" data-element_type=\"widget\" data-e-type=\"widget\" data-widget_type=\"text-editor.default\">\n\t\t\t\t<div class=\"elementor-widget-container\">\n\t\t\t\t\t\t\t\t\t<p>Pour \u00eatre admis \u00e0 l&rsquo;\u00e9cole \u00e9l\u00e9mentaire l&rsquo;\u00e9l\u00e8ve doit :<\/p><ul><li>avoir atteint l&rsquo;\u00e2ge de 4 ans avant le 31 d\u00e9cembre de l&rsquo;ann\u00e9e scolaire en cours pour \u00eatre inscrit \u00e0 la maternelle;<\/li><li>avoir atteint l&rsquo;\u00e2ge de 5 ans avant le 31 d\u00e9cembre de l&rsquo;ann\u00e9e scolaire en cours pour \u00eatre inscrit au jardin;<\/li><li>avoir atteint l&rsquo;\u00e2ge de 6 ans avant le 31 d\u00e9cembre de l&rsquo;ann\u00e9e scolaire en cours pour \u00eatre inscrit \u00e0 la 1e ann\u00e9e.<\/li><\/ul>\t\t\t\t\t\t\t\t<\/div>\n\t\t\t\t<\/div>\n\t\t\t\t\t<\/div>\n\t\t<\/div>\n\t\t\t\t\t<\/div>\n\t\t<\/section>\n\t\t\t\t<\/div>\n\t\t","protected":false},"excerpt":{"rendered":"<p>Nous accueillons dans nos \u00e9coles les \u00e9l\u00e8ves qui sont admissibles \u00e0 recevoir leur \u00e9ducation en fran\u00e7ais en vertu de la Charte canadienne des droits et libert\u00e9s et de la Loi sur l&rsquo;\u00e9ducation de l&rsquo;Ontario. Pour \u00eatre admissible, l&rsquo;\u00e9l\u00e8ve doit r\u00e9pondre aux crit\u00e8res suivants : Selon l&rsquo;article 23 de la Charte canadienne des droits et libert\u00e9s, [&hellip;]<\/p>\n","protected":false},"author":1,"featured_media":0,"parent":283,"menu_order":1,"comment_status":"closed","ping_status":"closed","template":"elementor_header_footer","meta":{"_mc_calendar":[],"footnotes":""},"class_list":["post-287","page","type-page","status-publish","hentry"],"yoast_head":"<!-- This site is optimized with the Yoast SEO plugin v27.4 - https:\/\/yoast.com\/product\/yoast-seo-wordpress\/ -->\n<title>Admissibilit\u00e9 - \u00c9cole catholique de l\u2019Enfant-J\u00e9sus<\/title>\n<meta name=\"robots\" content=\"index, follow, max-snippet:-1, max-image-preview:large, max-video-preview:-1\" \/>\n<link rel=\"canonical\" href=\"https:\/\/eej.csdcab.ca\/en\/inscription\/admissibilite\/\" \/>\n<meta property=\"og:locale\" content=\"en_US\" \/>\n<meta property=\"og:type\" content=\"article\" \/>\n<meta property=\"og:title\" content=\"Admissibilit\u00e9 - \u00c9cole catholique de l\u2019Enfant-J\u00e9sus\" \/>\n<meta property=\"og:description\" content=\"Nous accueillons dans nos \u00e9coles les \u00e9l\u00e8ves qui sont admissibles \u00e0 recevoir leur \u00e9ducation en fran\u00e7ais en vertu de la Charte canadienne des droits et libert\u00e9s et de la Loi sur l&rsquo;\u00e9ducation de l&rsquo;Ontario. Pour \u00eatre admissible, l&rsquo;\u00e9l\u00e8ve doit r\u00e9pondre aux crit\u00e8res suivants : Selon l&rsquo;article 23 de la Charte canadienne des droits et libert\u00e9s, [&hellip;]\" \/>\n<meta property=\"og:url\" content=\"https:\/\/eej.csdcab.ca\/en\/inscription\/admissibilite\/\" \/>\n<meta property=\"og:site_name\" content=\"\u00c9cole catholique de l\u2019Enfant-J\u00e9sus\" \/>\n<meta property=\"article:modified_time\" content=\"2021-10-21T15:59:38+00:00\" \/>\n<meta name=\"twitter:card\" content=\"summary_large_image\" \/>\n<meta name=\"twitter:label1\" content=\"Est. reading time\" \/>\n\t<meta name=\"twitter:data1\" content=\"1 minute\" \/>\n<script type=\"application\/ld+json\" class=\"yoast-schema-graph\">{\"@context\":\"https:\\\/\\\/schema.org\",\"@graph\":[{\"@type\":\"WebPage\",\"@id\":\"https:\\\/\\\/eej.csdcab.ca\\\/en\\\/inscription\\\/admissibilite\\\/\",\"url\":\"https:\\\/\\\/eej.csdcab.ca\\\/en\\\/inscription\\\/admissibilite\\\/\",\"name\":\"Admissibilit\u00e9 - \u00c9cole catholique de l\u2019Enfant-J\u00e9sus\",\"isPartOf\":{\"@id\":\"https:\\\/\\\/eej.csdcab.ca\\\/en\\\/#website\"},\"datePublished\":\"2021-08-10T18:28:09+00:00\",\"dateModified\":\"2021-10-21T15:59:38+00:00\",\"breadcrumb\":{\"@id\":\"https:\\\/\\\/eej.csdcab.ca\\\/en\\\/inscription\\\/admissibilite\\\/#breadcrumb\"},\"inLanguage\":\"en-CA\",\"potentialAction\":[{\"@type\":\"ReadAction\",\"target\":[\"https:\\\/\\\/eej.csdcab.ca\\\/en\\\/inscription\\\/admissibilite\\\/\"]}]},{\"@type\":\"BreadcrumbList\",\"@id\":\"https:\\\/\\\/eej.csdcab.ca\\\/en\\\/inscription\\\/admissibilite\\\/#breadcrumb\",\"itemListElement\":[{\"@type\":\"ListItem\",\"position\":1,\"name\":\"Accueil\",\"item\":\"https:\\\/\\\/eej.csdcab.ca\\\/\"},{\"@type\":\"ListItem\",\"position\":2,\"name\":\"Inscription\",\"item\":\"https:\\\/\\\/eej.csdcab.ca\\\/en\\\/inscription\\\/\"},{\"@type\":\"ListItem\",\"position\":3,\"name\":\"Admissibilit\u00e9\"}]},{\"@type\":\"WebSite\",\"@id\":\"https:\\\/\\\/eej.csdcab.ca\\\/en\\\/#website\",\"url\":\"https:\\\/\\\/eej.csdcab.ca\\\/en\\\/\",\"name\":\"\u00c9cole catholique de l\u2019Enfant-J\u00e9sus\",\"description\":\"\u00c9cole catholique de l\u2019Enfant-J\u00e9sus\",\"potentialAction\":[{\"@type\":\"SearchAction\",\"target\":{\"@type\":\"EntryPoint\",\"urlTemplate\":\"https:\\\/\\\/eej.csdcab.ca\\\/en\\\/?s={search_term_string}\"},\"query-input\":{\"@type\":\"PropertyValueSpecification\",\"valueRequired\":true,\"valueName\":\"search_term_string\"}}],\"inLanguage\":\"en-CA\"}]}<\/script>\n<!-- \/ Yoast SEO plugin. -->","yoast_head_json":{"title":"Admissibilit\u00e9 - \u00c9cole catholique de l\u2019Enfant-J\u00e9sus","robots":{"index":"index","follow":"follow","max-snippet":"max-snippet:-1","max-image-preview":"max-image-preview:large","max-video-preview":"max-video-preview:-1"},"canonical":"https:\/\/eej.csdcab.ca\/en\/inscription\/admissibilite\/","og_locale":"en_US","og_type":"article","og_title":"Admissibilit\u00e9 - \u00c9cole catholique de l\u2019Enfant-J\u00e9sus","og_description":"Nous accueillons dans nos \u00e9coles les \u00e9l\u00e8ves qui sont admissibles \u00e0 recevoir leur \u00e9ducation en fran\u00e7ais en vertu de la Charte canadienne des droits et libert\u00e9s et de la Loi sur l&rsquo;\u00e9ducation de l&rsquo;Ontario. Pour \u00eatre admissible, l&rsquo;\u00e9l\u00e8ve doit r\u00e9pondre aux crit\u00e8res suivants : Selon l&rsquo;article 23 de la Charte canadienne des droits et libert\u00e9s, [&hellip;]","og_url":"https:\/\/eej.csdcab.ca\/en\/inscription\/admissibilite\/","og_site_name":"\u00c9cole catholique de l\u2019Enfant-J\u00e9sus","article_modified_time":"2021-10-21T15:59:38+00:00","twitter_card":"summary_large_image","twitter_misc":{"Est. reading time":"1 minute"},"schema":{"@context":"https:\/\/schema.org","@graph":[{"@type":"WebPage","@id":"https:\/\/eej.csdcab.ca\/en\/inscription\/admissibilite\/","url":"https:\/\/eej.csdcab.ca\/en\/inscription\/admissibilite\/","name":"Admissibilit\u00e9 - \u00c9cole catholique de l\u2019Enfant-J\u00e9sus","isPartOf":{"@id":"https:\/\/eej.csdcab.ca\/en\/#website"},"datePublished":"2021-08-10T18:28:09+00:00","dateModified":"2021-10-21T15:59:38+00:00","breadcrumb":{"@id":"https:\/\/eej.csdcab.ca\/en\/inscription\/admissibilite\/#breadcrumb"},"inLanguage":"en-CA","potentialAction":[{"@type":"ReadAction","target":["https:\/\/eej.csdcab.ca\/en\/inscription\/admissibilite\/"]}]},{"@type":"BreadcrumbList","@id":"https:\/\/eej.csdcab.ca\/en\/inscription\/admissibilite\/#breadcrumb","itemListElement":[{"@type":"ListItem","position":1,"name":"Accueil","item":"https:\/\/eej.csdcab.ca\/"},{"@type":"ListItem","position":2,"name":"Inscription","item":"https:\/\/eej.csdcab.ca\/en\/inscription\/"},{"@type":"ListItem","position":3,"name":"Admissibilit\u00e9"}]},{"@type":"WebSite","@id":"https:\/\/eej.csdcab.ca\/en\/#website","url":"https:\/\/eej.csdcab.ca\/en\/","name":"Enfant-J\u00e9sus Catholic School","description":"Enfant-J\u00e9sus Catholic School","potentialAction":[{"@type":"SearchAction","target":{"@type":"EntryPoint","urlTemplate":"https:\/\/eej.csdcab.ca\/en\/?s={search_term_string}"},"query-input":{"@type":"PropertyValueSpecification","valueRequired":true,"valueName":"search_term_string"}}],"inLanguage":"en-CA"}]}},"_links":{"self":[{"href":"https:\/\/eej.csdcab.ca\/en\/wp-json\/wp\/v2\/pages\/287","targetHints":{"allow":["GET"]}}],"collection":[{"href":"https:\/\/eej.csdcab.ca\/en\/wp-json\/wp\/v2\/pages"}],"about":[{"href":"https:\/\/eej.csdcab.ca\/en\/wp-json\/wp\/v2\/types\/page"}],"author":[{"embeddable":true,"href":"https:\/\/eej.csdcab.ca\/en\/wp-json\/wp\/v2\/users\/1"}],"replies":[{"embeddable":true,"href":"https:\/\/eej.csdcab.ca\/en\/wp-json\/wp\/v2\/comments?post=287"}],"version-history":[{"count":0,"href":"https:\/\/eej.csdcab.ca\/en\/wp-json\/wp\/v2\/pages\/287\/revisions"}],"up":[{"embeddable":true,"href":"https:\/\/eej.csdcab.ca\/en\/wp-json\/wp\/v2\/pages\/283"}],"wp:attachment":[{"href":"https:\/\/eej.csdcab.ca\/en\/wp-json\/wp\/v2\/media?parent=287"}],"curies":[{"name":"wp","href":"https:\/\/api.w.org\/{rel}","templated":true}]}}