{"id":270,"date":"2021-08-10T17:55:27","date_gmt":"2021-08-10T17:55:27","guid":{"rendered":"https:\/\/csdcab.tondesign.ca\/val-des-bois\/?page_id=270"},"modified":"2025-12-18T21:05:23","modified_gmt":"2025-12-19T01:05:23","slug":"partenaires-communautaires","status":"publish","type":"page","link":"https:\/\/eej.csdcab.ca\/en\/notre-ecole\/partenaires-communautaires\/","title":{"rendered":"Community Partners"},"content":{"rendered":"\t\t<div data-elementor-type=\"wp-page\" data-elementor-id=\"270\" class=\"elementor elementor-270\" data-elementor-post-type=\"page\">\n\t\t\t\t\t\t<section class=\"elementor-section elementor-top-section elementor-element elementor-element-7d3e1e7 elementor-section-boxed elementor-section-height-default elementor-section-height-default\" data-id=\"7d3e1e7\" data-element_type=\"section\" data-e-type=\"section\" data-settings=\"{&quot;jet_parallax_layout_list&quot;:[{&quot;jet_parallax_layout_image&quot;:{&quot;url&quot;:&quot;&quot;,&quot;id&quot;:&quot;&quot;,&quot;size&quot;:&quot;&quot;},&quot;_id&quot;:&quot;1ed1e81&quot;,&quot;jet_parallax_layout_image_tablet&quot;:{&quot;url&quot;:&quot;&quot;,&quot;id&quot;:&quot;&quot;,&quot;size&quot;:&quot;&quot;},&quot;jet_parallax_layout_image_mobile&quot;:{&quot;url&quot;:&quot;&quot;,&quot;id&quot;:&quot;&quot;,&quot;size&quot;:&quot;&quot;},&quot;jet_parallax_layout_speed&quot;:{&quot;unit&quot;:&quot;%&quot;,&quot;size&quot;:50,&quot;sizes&quot;:[]},&quot;jet_parallax_layout_type&quot;:&quot;scroll&quot;,&quot;jet_parallax_layout_direction&quot;:&quot;1&quot;,&quot;jet_parallax_layout_fx_direction&quot;:null,&quot;jet_parallax_layout_z_index&quot;:&quot;&quot;,&quot;jet_parallax_layout_bg_x&quot;:50,&quot;jet_parallax_layout_bg_x_tablet&quot;:&quot;&quot;,&quot;jet_parallax_layout_bg_x_mobile&quot;:&quot;&quot;,&quot;jet_parallax_layout_bg_y&quot;:50,&quot;jet_parallax_layout_bg_y_tablet&quot;:&quot;&quot;,&quot;jet_parallax_layout_bg_y_mobile&quot;:&quot;&quot;,&quot;jet_parallax_layout_bg_size&quot;:&quot;auto&quot;,&quot;jet_parallax_layout_bg_size_tablet&quot;:&quot;&quot;,&quot;jet_parallax_layout_bg_size_mobile&quot;:&quot;&quot;,&quot;jet_parallax_layout_animation_prop&quot;:&quot;transform&quot;,&quot;jet_parallax_layout_on&quot;:[&quot;desktop&quot;,&quot;tablet&quot;]}]}\">\n\t\t\t\t\t\t<div class=\"elementor-container elementor-column-gap-default\">\n\t\t\t\t\t<div class=\"elementor-column elementor-col-100 elementor-top-column elementor-element elementor-element-880c97d\" data-id=\"880c97d\" data-element_type=\"column\" data-e-type=\"column\">\n\t\t\t<div class=\"elementor-widget-wrap elementor-element-populated\">\n\t\t\t\t\t\t<div class=\"elementor-element elementor-element-5478b0a elementor-widget elementor-widget-heading\" data-id=\"5478b0a\" data-element_type=\"widget\" data-e-type=\"widget\" data-widget_type=\"heading.default\">\n\t\t\t\t<div class=\"elementor-widget-container\">\n\t\t\t\t\t<h2 class=\"elementor-heading-title elementor-size-default\">Nous sommes fiers de travailler en \u00e9troite collaboration avec les partenaires suivants :<\/h2>\t\t\t\t<\/div>\n\t\t\t\t<\/div>\n\t\t\t\t<div class=\"elementor-element elementor-element-a174428 elementor-widget elementor-widget-text-editor\" data-id=\"a174428\" data-element_type=\"widget\" data-e-type=\"widget\" data-widget_type=\"text-editor.default\">\n\t\t\t\t<div class=\"elementor-widget-container\">\n\t\t\t\t\t\t\t\t\t<p>La paroisse\u00a0<a href=\"https:\/\/www.facebook.com\/stjosephchurchdrydenon\/\" target=\"_blank\" rel=\"noopener\">St-Joseph&rsquo;s Church<\/a> repr\u00e9sent\u00e9e par Mike Mahoney (807 223-2602, <a href=\"mailto:stjosephchurchdryden@shaw.ca\" target=\"_blank\" rel=\"noopener\">stjosephchurchdryden@shaw.ca<\/a>)<\/p><p>Le <a href=\"https:\/\/www.facebook.com\/clubfrancoboreal\" target=\"_blank\" rel=\"noopener\">Club Franco Bor\u00e9al<\/a> qui permet aux familles et aux francophones de profiter d\u2019activit\u00e9s en fran\u00e7ais.<\/p><p><a href=\"https:\/\/www.nwhu.on.ca\/\" target=\"_blank\" rel=\"noopener\">North Western Health Unit<\/a>, qui participe au programme de d\u00e9jeuner.<\/p><p><a href=\"https:\/\/www.facebook.com\/DrydenEarlyONCentre\" target=\"_blank\" rel=\"noopener\">EarlyOn<\/a> vient \u00e0 l\u2019\u00e9cole une fois par mois pour animer un groupe de jeu aupr\u00e8s des enfants pr\u00e9scolaires (0-6 ans)<\/p><p>Le <a href=\"https:\/\/www.dnfconline.org\/\" target=\"_blank\" rel=\"noopener\">Dryden Native Friendship<\/a> Centre qui offre des ateliers culturels de temps \u00e0 autre.<\/p>\t\t\t\t\t\t\t\t<\/div>\n\t\t\t\t<\/div>\n\t\t\t\t\t<\/div>\n\t\t<\/div>\n\t\t\t\t\t<\/div>\n\t\t<\/section>\n\t\t\t\t<\/div>\n\t\t","protected":false},"excerpt":{"rendered":"<p>Nous sommes fiers de travailler en \u00e9troite collaboration avec les partenaires suivants : La paroisse\u00a0St-Joseph&rsquo;s Church repr\u00e9sent\u00e9e par Mike Mahoney (807 223-2602, stjosephchurchdryden@shaw.ca) Le Club Franco Bor\u00e9al qui permet aux familles et aux francophones de profiter d\u2019activit\u00e9s en fran\u00e7ais. North Western Health Unit, qui participe au programme de d\u00e9jeuner. EarlyOn vient \u00e0 l\u2019\u00e9cole une fois [&hellip;]<\/p>\n","protected":false},"author":1,"featured_media":0,"parent":196,"menu_order":1,"comment_status":"closed","ping_status":"closed","template":"elementor_header_footer","meta":{"_mc_calendar":[],"footnotes":""},"class_list":["post-270","page","type-page","status-publish","hentry"],"yoast_head":"<!-- This site is optimized with the Yoast SEO plugin v27.4 - https:\/\/yoast.com\/product\/yoast-seo-wordpress\/ -->\n<title>Partenaires communautaires - \u00c9cole catholique de l\u2019Enfant-J\u00e9sus<\/title>\n<meta name=\"robots\" content=\"index, follow, max-snippet:-1, max-image-preview:large, max-video-preview:-1\" \/>\n<link rel=\"canonical\" href=\"https:\/\/eej.csdcab.ca\/en\/notre-ecole\/partenaires-communautaires\/\" \/>\n<meta property=\"og:locale\" content=\"en_US\" \/>\n<meta property=\"og:type\" content=\"article\" \/>\n<meta property=\"og:title\" content=\"Partenaires communautaires - \u00c9cole catholique de l\u2019Enfant-J\u00e9sus\" \/>\n<meta property=\"og:description\" content=\"Nous sommes fiers de travailler en \u00e9troite collaboration avec les partenaires suivants : La paroisse\u00a0St-Joseph&rsquo;s Church repr\u00e9sent\u00e9e par Mike Mahoney (807 223-2602, stjosephchurchdryden@shaw.ca) Le Club Franco Bor\u00e9al qui permet aux familles et aux francophones de profiter d\u2019activit\u00e9s en fran\u00e7ais. North Western Health Unit, qui participe au programme de d\u00e9jeuner. EarlyOn vient \u00e0 l\u2019\u00e9cole une fois [&hellip;]\" \/>\n<meta property=\"og:url\" content=\"https:\/\/eej.csdcab.ca\/en\/notre-ecole\/partenaires-communautaires\/\" \/>\n<meta property=\"og:site_name\" content=\"\u00c9cole catholique de l\u2019Enfant-J\u00e9sus\" \/>\n<meta property=\"article:modified_time\" content=\"2025-12-19T01:05:23+00:00\" \/>\n<meta name=\"twitter:card\" content=\"summary_large_image\" \/>\n<meta name=\"twitter:label1\" content=\"Est. reading time\" \/>\n\t<meta name=\"twitter:data1\" content=\"1 minute\" \/>\n<script type=\"application\/ld+json\" class=\"yoast-schema-graph\">{\"@context\":\"https:\\\/\\\/schema.org\",\"@graph\":[{\"@type\":\"WebPage\",\"@id\":\"https:\\\/\\\/eej.csdcab.ca\\\/notre-ecole\\\/partenaires-communautaires\\\/\",\"url\":\"https:\\\/\\\/eej.csdcab.ca\\\/notre-ecole\\\/partenaires-communautaires\\\/\",\"name\":\"Partenaires communautaires - \u00c9cole catholique de l\u2019Enfant-J\u00e9sus\",\"isPartOf\":{\"@id\":\"https:\\\/\\\/eej.csdcab.ca\\\/en\\\/#website\"},\"datePublished\":\"2021-08-10T17:55:27+00:00\",\"dateModified\":\"2025-12-19T01:05:23+00:00\",\"breadcrumb\":{\"@id\":\"https:\\\/\\\/eej.csdcab.ca\\\/notre-ecole\\\/partenaires-communautaires\\\/#breadcrumb\"},\"inLanguage\":\"en-CA\",\"potentialAction\":[{\"@type\":\"ReadAction\",\"target\":[\"https:\\\/\\\/eej.csdcab.ca\\\/notre-ecole\\\/partenaires-communautaires\\\/\"]}]},{\"@type\":\"BreadcrumbList\",\"@id\":\"https:\\\/\\\/eej.csdcab.ca\\\/notre-ecole\\\/partenaires-communautaires\\\/#breadcrumb\",\"itemListElement\":[{\"@type\":\"ListItem\",\"position\":1,\"name\":\"Accueil\",\"item\":\"https:\\\/\\\/eej.csdcab.ca\\\/\"},{\"@type\":\"ListItem\",\"position\":2,\"name\":\"Notre \u00e9cole\",\"item\":\"https:\\\/\\\/eej.csdcab.ca\\\/notre-ecole\\\/\"},{\"@type\":\"ListItem\",\"position\":3,\"name\":\"Partenaires communautaires\"}]},{\"@type\":\"WebSite\",\"@id\":\"https:\\\/\\\/eej.csdcab.ca\\\/en\\\/#website\",\"url\":\"https:\\\/\\\/eej.csdcab.ca\\\/en\\\/\",\"name\":\"\u00c9cole catholique de l\u2019Enfant-J\u00e9sus\",\"description\":\"\u00c9cole catholique de l\u2019Enfant-J\u00e9sus\",\"potentialAction\":[{\"@type\":\"SearchAction\",\"target\":{\"@type\":\"EntryPoint\",\"urlTemplate\":\"https:\\\/\\\/eej.csdcab.ca\\\/en\\\/?s={search_term_string}\"},\"query-input\":{\"@type\":\"PropertyValueSpecification\",\"valueRequired\":true,\"valueName\":\"search_term_string\"}}],\"inLanguage\":\"en-CA\"}]}<\/script>\n<!-- \/ Yoast SEO plugin. -->","yoast_head_json":{"title":"Partenaires communautaires - \u00c9cole catholique de l\u2019Enfant-J\u00e9sus","robots":{"index":"index","follow":"follow","max-snippet":"max-snippet:-1","max-image-preview":"max-image-preview:large","max-video-preview":"max-video-preview:-1"},"canonical":"https:\/\/eej.csdcab.ca\/en\/notre-ecole\/partenaires-communautaires\/","og_locale":"en_US","og_type":"article","og_title":"Partenaires communautaires - \u00c9cole catholique de l\u2019Enfant-J\u00e9sus","og_description":"Nous sommes fiers de travailler en \u00e9troite collaboration avec les partenaires suivants : La paroisse\u00a0St-Joseph&rsquo;s Church repr\u00e9sent\u00e9e par Mike Mahoney (807 223-2602, stjosephchurchdryden@shaw.ca) Le Club Franco Bor\u00e9al qui permet aux familles et aux francophones de profiter d\u2019activit\u00e9s en fran\u00e7ais. North Western Health Unit, qui participe au programme de d\u00e9jeuner. EarlyOn vient \u00e0 l\u2019\u00e9cole une fois [&hellip;]","og_url":"https:\/\/eej.csdcab.ca\/en\/notre-ecole\/partenaires-communautaires\/","og_site_name":"\u00c9cole catholique de l\u2019Enfant-J\u00e9sus","article_modified_time":"2025-12-19T01:05:23+00:00","twitter_card":"summary_large_image","twitter_misc":{"Est. reading time":"1 minute"},"schema":{"@context":"https:\/\/schema.org","@graph":[{"@type":"WebPage","@id":"https:\/\/eej.csdcab.ca\/notre-ecole\/partenaires-communautaires\/","url":"https:\/\/eej.csdcab.ca\/notre-ecole\/partenaires-communautaires\/","name":"Partenaires communautaires - \u00c9cole catholique de l\u2019Enfant-J\u00e9sus","isPartOf":{"@id":"https:\/\/eej.csdcab.ca\/en\/#website"},"datePublished":"2021-08-10T17:55:27+00:00","dateModified":"2025-12-19T01:05:23+00:00","breadcrumb":{"@id":"https:\/\/eej.csdcab.ca\/notre-ecole\/partenaires-communautaires\/#breadcrumb"},"inLanguage":"en-CA","potentialAction":[{"@type":"ReadAction","target":["https:\/\/eej.csdcab.ca\/notre-ecole\/partenaires-communautaires\/"]}]},{"@type":"BreadcrumbList","@id":"https:\/\/eej.csdcab.ca\/notre-ecole\/partenaires-communautaires\/#breadcrumb","itemListElement":[{"@type":"ListItem","position":1,"name":"Accueil","item":"https:\/\/eej.csdcab.ca\/"},{"@type":"ListItem","position":2,"name":"Notre \u00e9cole","item":"https:\/\/eej.csdcab.ca\/notre-ecole\/"},{"@type":"ListItem","position":3,"name":"Partenaires communautaires"}]},{"@type":"WebSite","@id":"https:\/\/eej.csdcab.ca\/en\/#website","url":"https:\/\/eej.csdcab.ca\/en\/","name":"Enfant-J\u00e9sus Catholic School","description":"Enfant-J\u00e9sus Catholic School","potentialAction":[{"@type":"SearchAction","target":{"@type":"EntryPoint","urlTemplate":"https:\/\/eej.csdcab.ca\/en\/?s={search_term_string}"},"query-input":{"@type":"PropertyValueSpecification","valueRequired":true,"valueName":"search_term_string"}}],"inLanguage":"en-CA"}]}},"_links":{"self":[{"href":"https:\/\/eej.csdcab.ca\/en\/wp-json\/wp\/v2\/pages\/270","targetHints":{"allow":["GET"]}}],"collection":[{"href":"https:\/\/eej.csdcab.ca\/en\/wp-json\/wp\/v2\/pages"}],"about":[{"href":"https:\/\/eej.csdcab.ca\/en\/wp-json\/wp\/v2\/types\/page"}],"author":[{"embeddable":true,"href":"https:\/\/eej.csdcab.ca\/en\/wp-json\/wp\/v2\/users\/1"}],"replies":[{"embeddable":true,"href":"https:\/\/eej.csdcab.ca\/en\/wp-json\/wp\/v2\/comments?post=270"}],"version-history":[{"count":0,"href":"https:\/\/eej.csdcab.ca\/en\/wp-json\/wp\/v2\/pages\/270\/revisions"}],"up":[{"embeddable":true,"href":"https:\/\/eej.csdcab.ca\/en\/wp-json\/wp\/v2\/pages\/196"}],"wp:attachment":[{"href":"https:\/\/eej.csdcab.ca\/en\/wp-json\/wp\/v2\/media?parent=270"}],"curies":[{"name":"wp","href":"https:\/\/api.w.org\/{rel}","templated":true}]}}