{"id":198,"date":"2021-08-10T16:18:50","date_gmt":"2021-08-10T16:18:50","guid":{"rendered":"https:\/\/csdcab.tondesign.ca\/val-des-bois\/?page_id=198"},"modified":"2025-12-17T17:29:08","modified_gmt":"2025-12-17T21:29:08","slug":"climat-scolaire","status":"publish","type":"page","link":"https:\/\/eej.csdcab.ca\/en\/notre-ecole\/climat-scolaire\/","title":{"rendered":"School climate"},"content":{"rendered":"\t\t<div data-elementor-type=\"wp-page\" data-elementor-id=\"198\" class=\"elementor elementor-198\" data-elementor-post-type=\"page\">\n\t\t\t\t\t\t<section class=\"elementor-section elementor-top-section elementor-element elementor-element-087c9a8 elementor-section-boxed elementor-section-height-default elementor-section-height-default\" data-id=\"087c9a8\" data-element_type=\"section\" data-e-type=\"section\" data-settings=\"{&quot;jet_parallax_layout_list&quot;:[{&quot;jet_parallax_layout_image&quot;:{&quot;url&quot;:&quot;&quot;,&quot;id&quot;:&quot;&quot;,&quot;size&quot;:&quot;&quot;},&quot;_id&quot;:&quot;0f122b3&quot;,&quot;jet_parallax_layout_image_tablet&quot;:{&quot;url&quot;:&quot;&quot;,&quot;id&quot;:&quot;&quot;,&quot;size&quot;:&quot;&quot;},&quot;jet_parallax_layout_image_mobile&quot;:{&quot;url&quot;:&quot;&quot;,&quot;id&quot;:&quot;&quot;,&quot;size&quot;:&quot;&quot;},&quot;jet_parallax_layout_speed&quot;:{&quot;unit&quot;:&quot;%&quot;,&quot;size&quot;:50,&quot;sizes&quot;:[]},&quot;jet_parallax_layout_type&quot;:&quot;scroll&quot;,&quot;jet_parallax_layout_direction&quot;:&quot;1&quot;,&quot;jet_parallax_layout_fx_direction&quot;:null,&quot;jet_parallax_layout_z_index&quot;:&quot;&quot;,&quot;jet_parallax_layout_bg_x&quot;:50,&quot;jet_parallax_layout_bg_x_tablet&quot;:&quot;&quot;,&quot;jet_parallax_layout_bg_x_mobile&quot;:&quot;&quot;,&quot;jet_parallax_layout_bg_y&quot;:50,&quot;jet_parallax_layout_bg_y_tablet&quot;:&quot;&quot;,&quot;jet_parallax_layout_bg_y_mobile&quot;:&quot;&quot;,&quot;jet_parallax_layout_bg_size&quot;:&quot;auto&quot;,&quot;jet_parallax_layout_bg_size_tablet&quot;:&quot;&quot;,&quot;jet_parallax_layout_bg_size_mobile&quot;:&quot;&quot;,&quot;jet_parallax_layout_animation_prop&quot;:&quot;transform&quot;,&quot;jet_parallax_layout_on&quot;:[&quot;desktop&quot;,&quot;tablet&quot;]}]}\">\n\t\t\t\t\t\t<div class=\"elementor-container elementor-column-gap-no\">\n\t\t\t\t\t<div class=\"elementor-column elementor-col-50 elementor-top-column elementor-element elementor-element-326f294\" data-id=\"326f294\" data-element_type=\"column\" data-e-type=\"column\">\n\t\t\t<div class=\"elementor-widget-wrap elementor-element-populated\">\n\t\t\t\t\t\t<div class=\"elementor-element elementor-element-2520efe elementor-widget elementor-widget-heading\" data-id=\"2520efe\" data-element_type=\"widget\" data-e-type=\"widget\" data-widget_type=\"heading.default\">\n\t\t\t\t<div class=\"elementor-widget-container\">\n\t\t\t\t\t<h2 class=\"elementor-heading-title elementor-size-default\">Notre \u00e9cole<\/h2>\t\t\t\t<\/div>\n\t\t\t\t<\/div>\n\t\t\t\t<div class=\"elementor-element elementor-element-5015f6d elementor-widget elementor-widget-text-editor\" data-id=\"5015f6d\" data-element_type=\"widget\" data-e-type=\"widget\" data-widget_type=\"text-editor.default\">\n\t\t\t\t<div class=\"elementor-widget-container\">\n\t\t\t\t\t\t\t\t\t<p>L&rsquo;\u00e9cole catholique de l&rsquo;Enfant-J\u00e9sus \u2013 le noyau de la communaut\u00e9 francophone \u00e0 Dryden \u2013 est une famille dynamique o\u00f9 l&rsquo;\u00e9l\u00e8ve, notre raison d&rsquo;\u00eatre, profite d&rsquo;une \u00e9ducation de haute qualit\u00e9 pour s&rsquo;\u00e9panouir en tant que bon chr\u00e9tien et francophone fier de sa langue et de sa culture.<\/p><p>Dans un environnement s\u00e9curitaire, valorisant et inclusif, et gr\u00e2ce \u00e0 la collaboration et au d\u00e9vouement du personnel, des parents et des partenaires communautaires, nos \u00e9l\u00e8ves vivent des exp\u00e9riences de vie authentiques \u00e0 travers une multitude d&rsquo;activit\u00e9s scolaires, culturelles et spirituelles.<\/p>\t\t\t\t\t\t\t\t<\/div>\n\t\t\t\t<\/div>\n\t\t\t\t\t<\/div>\n\t\t<\/div>\n\t\t\t\t<div class=\"elementor-column elementor-col-50 elementor-top-column elementor-element elementor-element-022e7cc\" data-id=\"022e7cc\" data-element_type=\"column\" data-e-type=\"column\" data-settings=\"{&quot;background_background&quot;:&quot;classic&quot;}\">\n\t\t\t<div class=\"elementor-widget-wrap elementor-element-populated\">\n\t\t\t\t\t\t<div class=\"elementor-element elementor-element-1731a48 elementor-widget elementor-widget-spacer\" data-id=\"1731a48\" data-element_type=\"widget\" data-e-type=\"widget\" data-widget_type=\"spacer.default\">\n\t\t\t\t<div class=\"elementor-widget-container\">\n\t\t\t\t\t\t\t<div class=\"elementor-spacer\">\n\t\t\t<div class=\"elementor-spacer-inner\"><\/div>\n\t\t<\/div>\n\t\t\t\t\t\t<\/div>\n\t\t\t\t<\/div>\n\t\t\t\t\t<\/div>\n\t\t<\/div>\n\t\t\t\t\t<\/div>\n\t\t<\/section>\n\t\t\t\t<section class=\"elementor-section elementor-top-section elementor-element elementor-element-f81131b elementor-section-full_width elementor-section-content-middle elementor-section-height-default elementor-section-height-default\" data-id=\"f81131b\" data-element_type=\"section\" data-e-type=\"section\" data-settings=\"{&quot;jet_parallax_layout_list&quot;:[{&quot;jet_parallax_layout_image&quot;:{&quot;url&quot;:&quot;&quot;,&quot;id&quot;:&quot;&quot;,&quot;size&quot;:&quot;&quot;},&quot;_id&quot;:&quot;bafdc0a&quot;,&quot;jet_parallax_layout_image_tablet&quot;:{&quot;url&quot;:&quot;&quot;,&quot;id&quot;:&quot;&quot;,&quot;size&quot;:&quot;&quot;},&quot;jet_parallax_layout_image_mobile&quot;:{&quot;url&quot;:&quot;&quot;,&quot;id&quot;:&quot;&quot;,&quot;size&quot;:&quot;&quot;},&quot;jet_parallax_layout_speed&quot;:{&quot;unit&quot;:&quot;%&quot;,&quot;size&quot;:50,&quot;sizes&quot;:[]},&quot;jet_parallax_layout_type&quot;:&quot;scroll&quot;,&quot;jet_parallax_layout_direction&quot;:&quot;1&quot;,&quot;jet_parallax_layout_fx_direction&quot;:null,&quot;jet_parallax_layout_z_index&quot;:&quot;&quot;,&quot;jet_parallax_layout_bg_x&quot;:50,&quot;jet_parallax_layout_bg_x_tablet&quot;:&quot;&quot;,&quot;jet_parallax_layout_bg_x_mobile&quot;:&quot;&quot;,&quot;jet_parallax_layout_bg_y&quot;:50,&quot;jet_parallax_layout_bg_y_tablet&quot;:&quot;&quot;,&quot;jet_parallax_layout_bg_y_mobile&quot;:&quot;&quot;,&quot;jet_parallax_layout_bg_size&quot;:&quot;auto&quot;,&quot;jet_parallax_layout_bg_size_tablet&quot;:&quot;&quot;,&quot;jet_parallax_layout_bg_size_mobile&quot;:&quot;&quot;,&quot;jet_parallax_layout_animation_prop&quot;:&quot;transform&quot;,&quot;jet_parallax_layout_on&quot;:[&quot;desktop&quot;,&quot;tablet&quot;]}],&quot;background_background&quot;:&quot;gradient&quot;}\">\n\t\t\t\t\t\t<div class=\"elementor-container elementor-column-gap-no\">\n\t\t\t\t\t<div class=\"elementor-column elementor-col-50 elementor-top-column elementor-element elementor-element-980229d\" data-id=\"980229d\" data-element_type=\"column\" data-e-type=\"column\">\n\t\t\t<div class=\"elementor-widget-wrap elementor-element-populated\">\n\t\t\t\t\t\t<div class=\"elementor-element elementor-element-4a2cb85 elementor-widget elementor-widget-image\" data-id=\"4a2cb85\" data-element_type=\"widget\" data-e-type=\"widget\" data-widget_type=\"image.default\">\n\t\t\t\t<div class=\"elementor-widget-container\">\n\t\t\t\t\t\t\t\t\t\t\t\t\t\t\t<img fetchpriority=\"high\" decoding=\"async\" width=\"1000\" height=\"1000\" src=\"https:\/\/eej.csdcab.ca\/wp-content\/uploads\/sites\/8\/2021\/10\/Mission_eej_1000x1000.png\" class=\"attachment-large size-large wp-image-1621\" alt=\"\" srcset=\"https:\/\/eej.csdcab.ca\/wp-content\/uploads\/sites\/8\/2021\/10\/Mission_eej_1000x1000.png 1000w, https:\/\/eej.csdcab.ca\/wp-content\/uploads\/sites\/8\/2021\/10\/Mission_eej_1000x1000-300x300.png 300w, https:\/\/eej.csdcab.ca\/wp-content\/uploads\/sites\/8\/2021\/10\/Mission_eej_1000x1000-150x150.png 150w, https:\/\/eej.csdcab.ca\/wp-content\/uploads\/sites\/8\/2021\/10\/Mission_eej_1000x1000-768x768.png 768w, https:\/\/eej.csdcab.ca\/wp-content\/uploads\/sites\/8\/2021\/10\/Mission_eej_1000x1000-12x12.png 12w, https:\/\/eej.csdcab.ca\/wp-content\/uploads\/sites\/8\/2021\/10\/Mission_eej_1000x1000-230x230.png 230w, https:\/\/eej.csdcab.ca\/wp-content\/uploads\/sites\/8\/2021\/10\/Mission_eej_1000x1000-400x400.png 400w, https:\/\/eej.csdcab.ca\/wp-content\/uploads\/sites\/8\/2021\/10\/Mission_eej_1000x1000-600x600.png 600w, https:\/\/eej.csdcab.ca\/wp-content\/uploads\/sites\/8\/2021\/10\/Mission_eej_1000x1000-640x640.png 640w\" sizes=\"(max-width: 1000px) 100vw, 1000px\" \/>\t\t\t\t\t\t\t\t\t\t\t\t\t\t\t<\/div>\n\t\t\t\t<\/div>\n\t\t\t\t\t<\/div>\n\t\t<\/div>\n\t\t\t\t<div class=\"elementor-column elementor-col-50 elementor-top-column elementor-element elementor-element-e6e7ae6\" data-id=\"e6e7ae6\" data-element_type=\"column\" data-e-type=\"column\">\n\t\t\t<div class=\"elementor-widget-wrap elementor-element-populated\">\n\t\t\t\t\t\t<div class=\"elementor-element elementor-element-3e282b2 elementor-widget elementor-widget-heading\" data-id=\"3e282b2\" data-element_type=\"widget\" data-e-type=\"widget\" data-widget_type=\"heading.default\">\n\t\t\t\t<div class=\"elementor-widget-container\">\n\t\t\t\t\t<h2 class=\"elementor-heading-title elementor-size-default\"><a href=\"https:\/\/eej.csdcab.ca\/wp-content\/uploads\/sites\/8\/2023\/02\/EJ-Code-de-vie_novembre2021.pdf\" target=\"_blank\">Code de vie <i class=\"fas fa-external-link-alt\"><\/i><\/li><\/a><\/h2>\t\t\t\t<\/div>\n\t\t\t\t<\/div>\n\t\t\t\t<div class=\"elementor-element elementor-element-2e48494 elementor-tabs-view-vertical elementor-widget elementor-widget-tabs\" data-id=\"2e48494\" data-element_type=\"widget\" data-e-type=\"widget\" data-widget_type=\"tabs.default\">\n\t\t\t\t<div class=\"elementor-widget-container\">\n\t\t\t\t\t\t\t<div class=\"elementor-tabs\">\n\t\t\t<div class=\"elementor-tabs-wrapper\" role=\"tablist\" >\n\t\t\t\t\t\t\t\t\t<div id=\"elementor-tab-title-4851\" class=\"elementor-tab-title elementor-tab-desktop-title\" aria-selected=\"true\" data-tab=\"1\" role=\"tab\" tabindex=\"0\" aria-controls=\"elementor-tab-content-4851\" aria-expanded=\"false\">Autonomie<\/div>\n\t\t\t\t\t\t\t\t\t<div id=\"elementor-tab-title-4852\" class=\"elementor-tab-title elementor-tab-desktop-title\" aria-selected=\"false\" data-tab=\"2\" role=\"tab\" tabindex=\"-1\" aria-controls=\"elementor-tab-content-4852\" aria-expanded=\"false\">Fiert\u00e9<\/div>\n\t\t\t\t\t\t\t\t\t<div id=\"elementor-tab-title-4853\" class=\"elementor-tab-title elementor-tab-desktop-title\" aria-selected=\"false\" data-tab=\"3\" role=\"tab\" tabindex=\"-1\" aria-controls=\"elementor-tab-content-4853\" aria-expanded=\"false\">Respect<\/div>\n\t\t\t\t\t\t\t\t\t<div id=\"elementor-tab-title-4854\" class=\"elementor-tab-title elementor-tab-desktop-title\" aria-selected=\"false\" data-tab=\"4\" role=\"tab\" tabindex=\"-1\" aria-controls=\"elementor-tab-content-4854\" aria-expanded=\"false\">Maitrise<\/div>\n\t\t\t\t\t\t\t<\/div>\n\t\t\t<div class=\"elementor-tabs-content-wrapper\" role=\"tablist\" aria-orientation=\"vertical\">\n\t\t\t\t\t\t\t\t\t<div class=\"elementor-tab-title elementor-tab-mobile-title\" aria-selected=\"true\" data-tab=\"1\" role=\"tab\" tabindex=\"0\" aria-controls=\"elementor-tab-content-4851\" aria-expanded=\"false\">Autonomie<\/div>\n\t\t\t\t\t<div id=\"elementor-tab-content-4851\" class=\"elementor-tab-content elementor-clearfix\" data-tab=\"1\" role=\"tabpanel\" aria-labelledby=\"elementor-tab-title-4851\" tabindex=\"0\" hidden=\"false\"><ul><li>Je compl\u00e8te les t\u00e2ches demand\u00e9s.<\/li><li>Je respecte les \u00e9ch\u00e9anciers.<\/li><li>Je suis capable de prendre des d\u00e9cisions positives de fa\u00e7on autonome.<\/li><li>Je passe au jeu apr\u00e8s la t\u00e2che.<\/li><\/ul><\/div>\n\t\t\t\t\t\t\t\t\t<div class=\"elementor-tab-title elementor-tab-mobile-title\" aria-selected=\"false\" data-tab=\"2\" role=\"tab\" tabindex=\"-1\" aria-controls=\"elementor-tab-content-4852\" aria-expanded=\"false\">Fiert\u00e9<\/div>\n\t\t\t\t\t<div id=\"elementor-tab-content-4852\" class=\"elementor-tab-content elementor-clearfix\" data-tab=\"2\" role=\"tabpanel\" aria-labelledby=\"elementor-tab-title-4852\" tabindex=\"0\" hidden=\"hidden\"><ul><li>Je d\u00e9montre ma fiert\u00e9 de la langue en parlant en fran\u00e7ais.<\/li><li>Je prends soins de mes effets scolaires.<\/li><li>Je partage mes succ\u00e8s avec mes camarades.<\/li><\/ul><\/div>\n\t\t\t\t\t\t\t\t\t<div class=\"elementor-tab-title elementor-tab-mobile-title\" aria-selected=\"false\" data-tab=\"3\" role=\"tab\" tabindex=\"-1\" aria-controls=\"elementor-tab-content-4853\" aria-expanded=\"false\">Respect<\/div>\n\t\t\t\t\t<div id=\"elementor-tab-content-4853\" class=\"elementor-tab-content elementor-clearfix\" data-tab=\"3\" role=\"tabpanel\" aria-labelledby=\"elementor-tab-title-4853\" tabindex=\"0\" hidden=\"hidden\"><ul><li>J&rsquo;aide mes pairs.<\/li><li>J&rsquo;\u00e9coute avant de parler.<\/li><li>Je partage avec les autres.<\/li><\/ul><\/div>\n\t\t\t\t\t\t\t\t\t<div class=\"elementor-tab-title elementor-tab-mobile-title\" aria-selected=\"false\" data-tab=\"4\" role=\"tab\" tabindex=\"-1\" aria-controls=\"elementor-tab-content-4854\" aria-expanded=\"false\">Maitrise<\/div>\n\t\t\t\t\t<div id=\"elementor-tab-content-4854\" class=\"elementor-tab-content elementor-clearfix\" data-tab=\"4\" role=\"tabpanel\" aria-labelledby=\"elementor-tab-title-4854\" tabindex=\"0\" hidden=\"hidden\"><ul><li>J&rsquo;utilise mes mots pour m&rsquo;exprimer.<\/li><li>J&rsquo;utilise mes strat\u00e9gies pour me calmer.<\/li><li>Je garde mes mains et mes pieds \u00e0 moi-m\u00eame.<\/li><li>Je suis responsable de mes choix.<\/li><\/ul><\/div>\n\t\t\t\t\t\t\t<\/div>\n\t\t<\/div>\n\t\t\t\t\t\t<\/div>\n\t\t\t\t<\/div>\n\t\t\t\t\t<\/div>\n\t\t<\/div>\n\t\t\t\t\t<\/div>\n\t\t<\/section>\n\t\t\t\t<section class=\"elementor-section elementor-top-section elementor-element elementor-element-56f4872 elementor-section-boxed elementor-section-height-default elementor-section-height-default\" data-id=\"56f4872\" data-element_type=\"section\" data-e-type=\"section\" data-settings=\"{&quot;jet_parallax_layout_list&quot;:[{&quot;jet_parallax_layout_image&quot;:{&quot;url&quot;:&quot;&quot;,&quot;id&quot;:&quot;&quot;,&quot;size&quot;:&quot;&quot;},&quot;_id&quot;:&quot;0f122b3&quot;,&quot;jet_parallax_layout_image_tablet&quot;:{&quot;url&quot;:&quot;&quot;,&quot;id&quot;:&quot;&quot;,&quot;size&quot;:&quot;&quot;},&quot;jet_parallax_layout_image_mobile&quot;:{&quot;url&quot;:&quot;&quot;,&quot;id&quot;:&quot;&quot;,&quot;size&quot;:&quot;&quot;},&quot;jet_parallax_layout_speed&quot;:{&quot;unit&quot;:&quot;%&quot;,&quot;size&quot;:50,&quot;sizes&quot;:[]},&quot;jet_parallax_layout_type&quot;:&quot;scroll&quot;,&quot;jet_parallax_layout_direction&quot;:&quot;1&quot;,&quot;jet_parallax_layout_fx_direction&quot;:null,&quot;jet_parallax_layout_z_index&quot;:&quot;&quot;,&quot;jet_parallax_layout_bg_x&quot;:50,&quot;jet_parallax_layout_bg_x_tablet&quot;:&quot;&quot;,&quot;jet_parallax_layout_bg_x_mobile&quot;:&quot;&quot;,&quot;jet_parallax_layout_bg_y&quot;:50,&quot;jet_parallax_layout_bg_y_tablet&quot;:&quot;&quot;,&quot;jet_parallax_layout_bg_y_mobile&quot;:&quot;&quot;,&quot;jet_parallax_layout_bg_size&quot;:&quot;auto&quot;,&quot;jet_parallax_layout_bg_size_tablet&quot;:&quot;&quot;,&quot;jet_parallax_layout_bg_size_mobile&quot;:&quot;&quot;,&quot;jet_parallax_layout_animation_prop&quot;:&quot;transform&quot;,&quot;jet_parallax_layout_on&quot;:[&quot;desktop&quot;,&quot;tablet&quot;]}]}\">\n\t\t\t\t\t\t<div class=\"elementor-container elementor-column-gap-no\">\n\t\t\t\t\t<div class=\"elementor-column elementor-col-100 elementor-top-column elementor-element elementor-element-04477f0\" data-id=\"04477f0\" data-element_type=\"column\" data-e-type=\"column\">\n\t\t\t<div class=\"elementor-widget-wrap elementor-element-populated\">\n\t\t\t\t\t\t<div class=\"elementor-element elementor-element-96a23b2 elementor-widget elementor-widget-spacer\" data-id=\"96a23b2\" data-element_type=\"widget\" data-e-type=\"widget\" data-widget_type=\"spacer.default\">\n\t\t\t\t<div class=\"elementor-widget-container\">\n\t\t\t\t\t\t\t<div class=\"elementor-spacer\">\n\t\t\t<div class=\"elementor-spacer-inner\"><\/div>\n\t\t<\/div>\n\t\t\t\t\t\t<\/div>\n\t\t\t\t<\/div>\n\t\t\t\t<div class=\"elementor-element elementor-element-f846655 elementor-widget elementor-widget-heading\" data-id=\"f846655\" data-element_type=\"widget\" data-e-type=\"widget\" data-widget_type=\"heading.default\">\n\t\t\t\t<div class=\"elementor-widget-container\">\n\t\t\t\t\t<h2 class=\"elementor-heading-title elementor-size-default\">Notre plan de pr\u00e9vention et d'intervention de l'intimidation<\/h2>\t\t\t\t<\/div>\n\t\t\t\t<\/div>\n\t\t\t\t<div class=\"elementor-element elementor-element-7981bb0 elementor-widget elementor-widget-text-editor\" data-id=\"7981bb0\" data-element_type=\"widget\" data-e-type=\"widget\" data-widget_type=\"text-editor.default\">\n\t\t\t\t<div class=\"elementor-widget-container\">\n\t\t\t\t\t\t\t\t\t<p><span class=\"ui-provider vy b c d e f g h i j k l m n o p q r s t u v w x y z ab ac ae af ag ah ai aj ak\" dir=\"ltr\">Le <a href=\"https:\/\/eej.csdcab.ca\/wp-content\/uploads\/sites\/8\/2025\/12\/EJ_Plan-de-prevention-et-intervention-en-matiere-dintimidation-2025_2027.pdf\" target=\"_blank\" rel=\"noopener\">plan de pr\u00e9vention et d&rsquo;intervention en mati\u00e8re d&rsquo;intimidation<\/a> vise \u00e0 assurer le climat scolaire positif de notre \u00e9cole. Il est r\u00e9vis\u00e9 annuellement<\/span><\/p>\t\t\t\t\t\t\t\t<\/div>\n\t\t\t\t<\/div>\n\t\t\t\t\t<\/div>\n\t\t<\/div>\n\t\t\t\t\t<\/div>\n\t\t<\/section>\n\t\t\t\t<\/div>\n\t\t","protected":false},"excerpt":{"rendered":"<p>Notre \u00e9cole L&rsquo;\u00e9cole catholique de l&rsquo;Enfant-J\u00e9sus \u2013 le noyau de la communaut\u00e9 francophone \u00e0 Dryden \u2013 est une famille dynamique o\u00f9 l&rsquo;\u00e9l\u00e8ve, notre raison d&rsquo;\u00eatre, profite d&rsquo;une \u00e9ducation de haute qualit\u00e9 pour s&rsquo;\u00e9panouir en tant que bon chr\u00e9tien et francophone fier de sa langue et de sa culture. Dans un environnement s\u00e9curitaire, valorisant et inclusif, [&hellip;]<\/p>\n","protected":false},"author":1,"featured_media":0,"parent":196,"menu_order":1,"comment_status":"closed","ping_status":"closed","template":"elementor_header_footer","meta":{"_mc_calendar":[],"footnotes":""},"class_list":["post-198","page","type-page","status-publish","hentry"],"yoast_head":"<!-- This site is optimized with the Yoast SEO plugin v27.2 - https:\/\/yoast.com\/product\/yoast-seo-wordpress\/ -->\n<title>Climat scolaire - \u00c9cole catholique de l\u2019Enfant-J\u00e9sus<\/title>\n<meta name=\"robots\" content=\"index, follow, max-snippet:-1, max-image-preview:large, max-video-preview:-1\" \/>\n<link rel=\"canonical\" href=\"https:\/\/eej.csdcab.ca\/en\/notre-ecole\/climat-scolaire\/\" \/>\n<meta property=\"og:locale\" content=\"en_US\" \/>\n<meta property=\"og:type\" content=\"article\" \/>\n<meta property=\"og:title\" content=\"Climat scolaire - \u00c9cole catholique de l\u2019Enfant-J\u00e9sus\" \/>\n<meta property=\"og:description\" content=\"Notre \u00e9cole L&rsquo;\u00e9cole catholique de l&rsquo;Enfant-J\u00e9sus \u2013 le noyau de la communaut\u00e9 francophone \u00e0 Dryden \u2013 est une famille dynamique o\u00f9 l&rsquo;\u00e9l\u00e8ve, notre raison d&rsquo;\u00eatre, profite d&rsquo;une \u00e9ducation de haute qualit\u00e9 pour s&rsquo;\u00e9panouir en tant que bon chr\u00e9tien et francophone fier de sa langue et de sa culture. Dans un environnement s\u00e9curitaire, valorisant et inclusif, [&hellip;]\" \/>\n<meta property=\"og:url\" content=\"https:\/\/eej.csdcab.ca\/en\/notre-ecole\/climat-scolaire\/\" \/>\n<meta property=\"og:site_name\" content=\"\u00c9cole catholique de l\u2019Enfant-J\u00e9sus\" \/>\n<meta property=\"article:modified_time\" content=\"2025-12-17T21:29:08+00:00\" \/>\n<meta property=\"og:image\" content=\"https:\/\/eej.csdcab.ca\/wp-content\/uploads\/sites\/8\/2021\/10\/Mission_eej_1000x1000.png\" \/>\n\t<meta property=\"og:image:width\" content=\"1000\" \/>\n\t<meta property=\"og:image:height\" content=\"1000\" \/>\n\t<meta property=\"og:image:type\" content=\"image\/png\" \/>\n<meta name=\"twitter:card\" content=\"summary_large_image\" \/>\n<meta name=\"twitter:label1\" content=\"Est. reading time\" \/>\n\t<meta name=\"twitter:data1\" content=\"2 minutes\" \/>\n<script type=\"application\/ld+json\" class=\"yoast-schema-graph\">{\"@context\":\"https:\/\/schema.org\",\"@graph\":[{\"@type\":\"WebPage\",\"@id\":\"https:\/\/eej.csdcab.ca\/notre-ecole\/climat-scolaire\/\",\"url\":\"https:\/\/eej.csdcab.ca\/notre-ecole\/climat-scolaire\/\",\"name\":\"Climat scolaire - \u00c9cole catholique de l\u2019Enfant-J\u00e9sus\",\"isPartOf\":{\"@id\":\"https:\/\/eej.csdcab.ca\/en\/#website\"},\"primaryImageOfPage\":{\"@id\":\"https:\/\/eej.csdcab.ca\/notre-ecole\/climat-scolaire\/#primaryimage\"},\"image\":{\"@id\":\"https:\/\/eej.csdcab.ca\/notre-ecole\/climat-scolaire\/#primaryimage\"},\"thumbnailUrl\":\"https:\/\/eej.csdcab.ca\/wp-content\/uploads\/sites\/8\/2021\/10\/Mission_eej_1000x1000.png\",\"datePublished\":\"2021-08-10T16:18:50+00:00\",\"dateModified\":\"2025-12-17T21:29:08+00:00\",\"breadcrumb\":{\"@id\":\"https:\/\/eej.csdcab.ca\/notre-ecole\/climat-scolaire\/#breadcrumb\"},\"inLanguage\":\"en-CA\",\"potentialAction\":[{\"@type\":\"ReadAction\",\"target\":[\"https:\/\/eej.csdcab.ca\/notre-ecole\/climat-scolaire\/\"]}]},{\"@type\":\"ImageObject\",\"inLanguage\":\"en-CA\",\"@id\":\"https:\/\/eej.csdcab.ca\/notre-ecole\/climat-scolaire\/#primaryimage\",\"url\":\"https:\/\/eej.csdcab.ca\/wp-content\/uploads\/sites\/8\/2021\/10\/Mission_eej_1000x1000.png\",\"contentUrl\":\"https:\/\/eej.csdcab.ca\/wp-content\/uploads\/sites\/8\/2021\/10\/Mission_eej_1000x1000.png\"},{\"@type\":\"BreadcrumbList\",\"@id\":\"https:\/\/eej.csdcab.ca\/notre-ecole\/climat-scolaire\/#breadcrumb\",\"itemListElement\":[{\"@type\":\"ListItem\",\"position\":1,\"name\":\"Accueil\",\"item\":\"https:\/\/eej.csdcab.ca\/\"},{\"@type\":\"ListItem\",\"position\":2,\"name\":\"Notre \u00e9cole\",\"item\":\"https:\/\/eej.csdcab.ca\/notre-ecole\/\"},{\"@type\":\"ListItem\",\"position\":3,\"name\":\"Climat scolaire\"}]},{\"@type\":\"WebSite\",\"@id\":\"https:\/\/eej.csdcab.ca\/en\/#website\",\"url\":\"https:\/\/eej.csdcab.ca\/en\/\",\"name\":\"\u00c9cole catholique de l\u2019Enfant-J\u00e9sus\",\"description\":\"\u00c9cole catholique de l\u2019Enfant-J\u00e9sus\",\"potentialAction\":[{\"@type\":\"SearchAction\",\"target\":{\"@type\":\"EntryPoint\",\"urlTemplate\":\"https:\/\/eej.csdcab.ca\/en\/?s={search_term_string}\"},\"query-input\":{\"@type\":\"PropertyValueSpecification\",\"valueRequired\":true,\"valueName\":\"search_term_string\"}}],\"inLanguage\":\"en-CA\"}]}<\/script>\n<!-- \/ Yoast SEO plugin. -->","yoast_head_json":{"title":"Climat scolaire - \u00c9cole catholique de l\u2019Enfant-J\u00e9sus","robots":{"index":"index","follow":"follow","max-snippet":"max-snippet:-1","max-image-preview":"max-image-preview:large","max-video-preview":"max-video-preview:-1"},"canonical":"https:\/\/eej.csdcab.ca\/en\/notre-ecole\/climat-scolaire\/","og_locale":"en_US","og_type":"article","og_title":"Climat scolaire - \u00c9cole catholique de l\u2019Enfant-J\u00e9sus","og_description":"Notre \u00e9cole L&rsquo;\u00e9cole catholique de l&rsquo;Enfant-J\u00e9sus \u2013 le noyau de la communaut\u00e9 francophone \u00e0 Dryden \u2013 est une famille dynamique o\u00f9 l&rsquo;\u00e9l\u00e8ve, notre raison d&rsquo;\u00eatre, profite d&rsquo;une \u00e9ducation de haute qualit\u00e9 pour s&rsquo;\u00e9panouir en tant que bon chr\u00e9tien et francophone fier de sa langue et de sa culture. Dans un environnement s\u00e9curitaire, valorisant et inclusif, [&hellip;]","og_url":"https:\/\/eej.csdcab.ca\/en\/notre-ecole\/climat-scolaire\/","og_site_name":"\u00c9cole catholique de l\u2019Enfant-J\u00e9sus","article_modified_time":"2025-12-17T21:29:08+00:00","og_image":[{"width":1000,"height":1000,"url":"https:\/\/eej.csdcab.ca\/wp-content\/uploads\/sites\/8\/2021\/10\/Mission_eej_1000x1000.png","type":"image\/png"}],"twitter_card":"summary_large_image","twitter_misc":{"Est. reading time":"2 minutes"},"schema":{"@context":"https:\/\/schema.org","@graph":[{"@type":"WebPage","@id":"https:\/\/eej.csdcab.ca\/notre-ecole\/climat-scolaire\/","url":"https:\/\/eej.csdcab.ca\/notre-ecole\/climat-scolaire\/","name":"Climat scolaire - \u00c9cole catholique de l\u2019Enfant-J\u00e9sus","isPartOf":{"@id":"https:\/\/eej.csdcab.ca\/en\/#website"},"primaryImageOfPage":{"@id":"https:\/\/eej.csdcab.ca\/notre-ecole\/climat-scolaire\/#primaryimage"},"image":{"@id":"https:\/\/eej.csdcab.ca\/notre-ecole\/climat-scolaire\/#primaryimage"},"thumbnailUrl":"https:\/\/eej.csdcab.ca\/wp-content\/uploads\/sites\/8\/2021\/10\/Mission_eej_1000x1000.png","datePublished":"2021-08-10T16:18:50+00:00","dateModified":"2025-12-17T21:29:08+00:00","breadcrumb":{"@id":"https:\/\/eej.csdcab.ca\/notre-ecole\/climat-scolaire\/#breadcrumb"},"inLanguage":"en-CA","potentialAction":[{"@type":"ReadAction","target":["https:\/\/eej.csdcab.ca\/notre-ecole\/climat-scolaire\/"]}]},{"@type":"ImageObject","inLanguage":"en-CA","@id":"https:\/\/eej.csdcab.ca\/notre-ecole\/climat-scolaire\/#primaryimage","url":"https:\/\/eej.csdcab.ca\/wp-content\/uploads\/sites\/8\/2021\/10\/Mission_eej_1000x1000.png","contentUrl":"https:\/\/eej.csdcab.ca\/wp-content\/uploads\/sites\/8\/2021\/10\/Mission_eej_1000x1000.png"},{"@type":"BreadcrumbList","@id":"https:\/\/eej.csdcab.ca\/notre-ecole\/climat-scolaire\/#breadcrumb","itemListElement":[{"@type":"ListItem","position":1,"name":"Accueil","item":"https:\/\/eej.csdcab.ca\/"},{"@type":"ListItem","position":2,"name":"Notre \u00e9cole","item":"https:\/\/eej.csdcab.ca\/notre-ecole\/"},{"@type":"ListItem","position":3,"name":"Climat scolaire"}]},{"@type":"WebSite","@id":"https:\/\/eej.csdcab.ca\/en\/#website","url":"https:\/\/eej.csdcab.ca\/en\/","name":"Enfant-J\u00e9sus Catholic School","description":"Enfant-J\u00e9sus Catholic School","potentialAction":[{"@type":"SearchAction","target":{"@type":"EntryPoint","urlTemplate":"https:\/\/eej.csdcab.ca\/en\/?s={search_term_string}"},"query-input":{"@type":"PropertyValueSpecification","valueRequired":true,"valueName":"search_term_string"}}],"inLanguage":"en-CA"}]}},"_links":{"self":[{"href":"https:\/\/eej.csdcab.ca\/en\/wp-json\/wp\/v2\/pages\/198","targetHints":{"allow":["GET"]}}],"collection":[{"href":"https:\/\/eej.csdcab.ca\/en\/wp-json\/wp\/v2\/pages"}],"about":[{"href":"https:\/\/eej.csdcab.ca\/en\/wp-json\/wp\/v2\/types\/page"}],"author":[{"embeddable":true,"href":"https:\/\/eej.csdcab.ca\/en\/wp-json\/wp\/v2\/users\/1"}],"replies":[{"embeddable":true,"href":"https:\/\/eej.csdcab.ca\/en\/wp-json\/wp\/v2\/comments?post=198"}],"version-history":[{"count":0,"href":"https:\/\/eej.csdcab.ca\/en\/wp-json\/wp\/v2\/pages\/198\/revisions"}],"up":[{"embeddable":true,"href":"https:\/\/eej.csdcab.ca\/en\/wp-json\/wp\/v2\/pages\/196"}],"wp:attachment":[{"href":"https:\/\/eej.csdcab.ca\/en\/wp-json\/wp\/v2\/media?parent=198"}],"curies":[{"name":"wp","href":"https:\/\/api.w.org\/{rel}","templated":true}]}}